{"id":3760,"date":"2013-05-15T12:48:37","date_gmt":"2013-05-15T16:48:37","guid":{"rendered":"http:\/\/shalouka.com\/shop\/y\/"},"modified":"2014-03-24T20:34:01","modified_gmt":"2014-03-25T00:34:01","slug":"thermos-1209","status":"publish","type":"product","link":"https:\/\/shalouka.com\/fr\/produit\/thermos-1209\/","title":{"rendered":"Thermos #1209"},"content":{"rendered":"<p>Thermos avec deux couvercle-tasses, bouchon avec syst\u00e8me de blocage, int\u00e9rieur en acier inoxydable, le bas du thermos est le bout avec une ligne emboss\u00e9 dans l\u2019acier inoxydable, bo\u00eete individuelle.<br \/>\nAvec ou sans impression<\/p>\n<p>Volume : 16 on<br \/>\nZone impression : 1 3\/4&#8243; x 1 1\/2&#8243;<br \/>\nDimensions : 11 1\/&#8221; x 2 3\/4&#8243; diam.<br \/>\nPoids : 0,895 Livres<\/p>","protected":false},"excerpt":{"rendered":"<p>Thermos avec deux couvercle-tasses, bouchon avec syst\u00e8me de blocage, int\u00e9rieur en acier inoxydable, le bas du thermos est le bout avec une ligne emboss\u00e9 dans l\u2019acier inoxydable, bo\u00eete individuelle. Avec ou sans impression Volume : 16 on Zone impression : 1 3\/4&#8243; x 1 1\/2&#8243; Dimensions : 11 1\/&#8221; x 2 3\/4&#8243; diam. Poids : [&hellip;]<\/p>\n","protected":false},"featured_media":3768,"template":"","meta":[],"class_list":{"0":"post-3760","1":"product","2":"type-product","3":"status-publish","4":"has-post-thumbnail","6":"product_cat-bouteille","7":"pa_couleur-argent-21","9":"first","10":"instock","11":"shipping-taxable","12":"purchasable","13":"product-type-variable"},"aioseo_notices":[],"_links":{"self":[{"href":"https:\/\/shalouka.com\/fr\/wp-json\/wp\/v2\/product\/3760","targetHints":{"allow":["GET"]}}],"collection":[{"href":"https:\/\/shalouka.com\/fr\/wp-json\/wp\/v2\/product"}],"about":[{"href":"https:\/\/shalouka.com\/fr\/wp-json\/wp\/v2\/types\/product"}],"wp:featuredmedia":[{"embeddable":true,"href":"https:\/\/shalouka.com\/fr\/wp-json\/wp\/v2\/media\/3768"}],"wp:attachment":[{"href":"https:\/\/shalouka.com\/fr\/wp-json\/wp\/v2\/media?parent=3760"}],"curies":[{"name":"wp","href":"https:\/\/api.w.org\/{rel}","templated":true}]}}