{"id":3758,"date":"2013-05-15T12:48:35","date_gmt":"2013-05-15T16:48:35","guid":{"rendered":"http:\/\/shalouka.com\/shop\/thermos-1208\/"},"modified":"2014-03-24T20:34:13","modified_gmt":"2014-03-25T00:34:13","slug":"thermos-1208","status":"publish","type":"product","link":"https:\/\/shalouka.com\/fr\/produit\/thermos-1208\/","title":{"rendered":"Thermos #1208"},"content":{"rendered":"<p>Thermos color\u00e9 avec deux couvercle-tasses, bouchon avec syst\u00e8me de blocage, int\u00e9rieur en acier inoxydable, le bas du thermos est le bout avec une ligne emboss\u00e9 dans le mat\u00e9riel color\u00e9, bo\u00eete individuelle.<br \/>\nAvec ou sans impression<\/p>\n<p>Volume : 16 on<br \/>\nZone impression : 2&#8243; x 2 1\/2&#8243;<br \/>\nDimensions : 8&#8243; x 2 3\/4&#8243; diam.<br \/>\nPoids : 0,315 Livres<\/p>","protected":false},"excerpt":{"rendered":"<p>Thermos color\u00e9 avec deux couvercle-tasses, bouchon avec syst\u00e8me de blocage, int\u00e9rieur en acier inoxydable, le bas du thermos est le bout avec une ligne emboss\u00e9 dans le mat\u00e9riel color\u00e9, bo\u00eete individuelle. Avec ou sans impression Volume : 16 on Zone impression : 2&#8243; x 2 1\/2&#8243; Dimensions : 8&#8243; x 2 3\/4&#8243; diam. Poids : [&hellip;]<\/p>\n","protected":false},"featured_media":3767,"template":"","meta":[],"class_list":{"0":"post-3758","1":"product","2":"type-product","3":"status-publish","4":"has-post-thumbnail","6":"product_cat-bouteille","7":"pa_couleur-bleu-15","9":"first","10":"instock","11":"shipping-taxable","12":"purchasable","13":"product-type-variable"},"aioseo_notices":[],"_links":{"self":[{"href":"https:\/\/shalouka.com\/fr\/wp-json\/wp\/v2\/product\/3758","targetHints":{"allow":["GET"]}}],"collection":[{"href":"https:\/\/shalouka.com\/fr\/wp-json\/wp\/v2\/product"}],"about":[{"href":"https:\/\/shalouka.com\/fr\/wp-json\/wp\/v2\/types\/product"}],"wp:featuredmedia":[{"embeddable":true,"href":"https:\/\/shalouka.com\/fr\/wp-json\/wp\/v2\/media\/3767"}],"wp:attachment":[{"href":"https:\/\/shalouka.com\/fr\/wp-json\/wp\/v2\/media?parent=3758"}],"curies":[{"name":"wp","href":"https:\/\/api.w.org\/{rel}","templated":true}]}}