{"id":3756,"date":"2013-05-15T12:48:33","date_gmt":"2013-05-15T16:48:33","guid":{"rendered":"http:\/\/shalouka.com\/shop\/bouteille-en-inox-1207\/"},"modified":"2014-03-24T20:34:29","modified_gmt":"2014-03-25T00:34:29","slug":"bouteille-en-inox-1207","status":"publish","type":"product","link":"https:\/\/shalouka.com\/fr\/produit\/bouteille-en-inox-1207\/","title":{"rendered":"Bouteille en inox #1207"},"content":{"rendered":"<p>Gourde en acier inoxydable avec bouchon en plastique, d\u00e9marcation entre la portion en acier et plastique par l\u2019anneau noir, peut s\u2019ouvrir \u00e0 deux endroits, petite ouverture au bout pour boire, int\u00e9rieur en acier inoxydable, portion sup\u00e9rieure de la bouteille en plastique qui s\u2019enl\u00e8ve pour servir de petite tasse, petit cordon attach\u00e9 \u00e0 deux anneaux argent\u00e9s pour ne pas perdre le petit bouchon, bo\u00eete individuelle.<br \/>\nAvec ou sans impression<\/p>\n<p>Volume : 16 on<br \/>\nZone impression : 2&#8243; x 2 1\/2&#8243;<br \/>\nDimensions : 8&#8243; x 2 3\/4&#8243; diam.<br \/>\nPoids : 0,315 Livres<\/p>","protected":false},"excerpt":{"rendered":"<p>Gourde en acier inoxydable avec bouchon en plastique, d\u00e9marcation entre la portion en acier et plastique par l\u2019anneau noir, peut s\u2019ouvrir \u00e0 deux endroits, petite ouverture au bout pour boire, int\u00e9rieur en acier inoxydable, portion sup\u00e9rieure de la bouteille en plastique qui s\u2019enl\u00e8ve pour servir de petite tasse, petit cordon attach\u00e9 \u00e0 deux anneaux argent\u00e9s [&hellip;]<\/p>\n","protected":false},"featured_media":3766,"template":"","meta":[],"class_list":{"0":"post-3756","1":"product","2":"type-product","3":"status-publish","4":"has-post-thumbnail","6":"product_cat-bouteille","7":"pa_couleur-bleu-15","8":"pa_couleur-noir-11","9":"pa_couleur-vert-10","11":"first","12":"instock","13":"shipping-taxable","14":"purchasable","15":"product-type-variable"},"aioseo_notices":[],"_links":{"self":[{"href":"https:\/\/shalouka.com\/fr\/wp-json\/wp\/v2\/product\/3756","targetHints":{"allow":["GET"]}}],"collection":[{"href":"https:\/\/shalouka.com\/fr\/wp-json\/wp\/v2\/product"}],"about":[{"href":"https:\/\/shalouka.com\/fr\/wp-json\/wp\/v2\/types\/product"}],"wp:featuredmedia":[{"embeddable":true,"href":"https:\/\/shalouka.com\/fr\/wp-json\/wp\/v2\/media\/3766"}],"wp:attachment":[{"href":"https:\/\/shalouka.com\/fr\/wp-json\/wp\/v2\/media?parent=3756"}],"curies":[{"name":"wp","href":"https:\/\/api.w.org\/{rel}","templated":true}]}}