{"id":3747,"date":"2013-05-15T12:23:52","date_gmt":"2013-05-15T16:23:52","guid":{"rendered":"http:\/\/shalouka.com\/shop\/bouteille-en-inox-1114\/"},"modified":"2014-03-24T20:43:57","modified_gmt":"2014-03-25T00:43:57","slug":"bouteille-en-inox-1114","status":"publish","type":"product","link":"https:\/\/shalouka.com\/fr\/produit\/bouteille-en-inox-1114\/","title":{"rendered":"Bouteille en inox #1114"},"content":{"rendered":"<p>Couvercle viss\u00e9 en plastique avec ouverture pour y accrocher un mousqueton si d\u00e9sir\u00e9, bouteille en acier inoxydable avec garnitures de couleur, peut contenir jusqu\u2019\u00e0 22 onces, bo\u00eete individuelle.<br \/>\nAvec ou sans impression<\/p>\n<p>Volume : 22 on<br \/>\nZone impression : 1 1\/2&#8243; x 1 1\/2&#8243;<br \/>\nDimensions : 10 1\/4&#8243; x 2 1\/2&#8243; diam.<br \/>\nPoids : 0,335 Livres<\/p>","protected":false},"excerpt":{"rendered":"<p>Couvercle viss\u00e9 en plastique avec ouverture pour y accrocher un mousqueton si d\u00e9sir\u00e9, bouteille en acier inoxydable avec garnitures de couleur, peut contenir jusqu\u2019\u00e0 22 onces, bo\u00eete individuelle. Avec ou sans impression Volume : 22 on Zone impression : 1 1\/2&#8243; x 1 1\/2&#8243; Dimensions : 10 1\/4&#8243; x 2 1\/2&#8243; diam. Poids : 0,335 [&hellip;]<\/p>\n","protected":false},"featured_media":3754,"template":"","meta":[],"class_list":{"0":"post-3747","1":"product","2":"type-product","3":"status-publish","4":"has-post-thumbnail","6":"product_cat-bouteille","7":"pa_couleur-bleu-15","8":"pa_couleur-noir-11","9":"pa_couleur-orange-14","10":"pa_couleur-rouge-13","12":"first","13":"instock","14":"shipping-taxable","15":"purchasable","16":"product-type-variable"},"aioseo_notices":[],"_links":{"self":[{"href":"https:\/\/shalouka.com\/fr\/wp-json\/wp\/v2\/product\/3747","targetHints":{"allow":["GET"]}}],"collection":[{"href":"https:\/\/shalouka.com\/fr\/wp-json\/wp\/v2\/product"}],"about":[{"href":"https:\/\/shalouka.com\/fr\/wp-json\/wp\/v2\/types\/product"}],"wp:featuredmedia":[{"embeddable":true,"href":"https:\/\/shalouka.com\/fr\/wp-json\/wp\/v2\/media\/3754"}],"wp:attachment":[{"href":"https:\/\/shalouka.com\/fr\/wp-json\/wp\/v2\/media?parent=3747"}],"curies":[{"name":"wp","href":"https:\/\/api.w.org\/{rel}","templated":true}]}}