{"id":3745,"date":"2013-05-15T12:23:51","date_gmt":"2013-05-15T16:23:51","guid":{"rendered":"http:\/\/shalouka.com\/shop\/bouteille-en-inox-1041\/"},"modified":"2014-03-24T20:44:10","modified_gmt":"2014-03-25T00:44:10","slug":"bouteille-en-inox-1041","status":"publish","type":"product","link":"https:\/\/shalouka.com\/fr\/produit\/bouteille-en-inox-1041\/","title":{"rendered":"Bouteille en inox #1041"},"content":{"rendered":"<p>Acier inoxydable et plastique en bouchon viss\u00e9 \u00e9quip\u00e9 d\u2019un bec pivotant transparent et d\u2019une anse, bo\u00eete individuelle<br \/>\nAvec ou sans impression<\/p>\n<p>Volume : 28 on<br \/>\nZone impression : 1 1\/2&#8243; x 1 1\/2&#8243;<br \/>\nDimensions : 10&#8243; x 3&#8243; diam.<br \/>\nPoids : 0,410 Livres<\/p>","protected":false},"excerpt":{"rendered":"<p>Acier inoxydable et plastique en bouchon viss\u00e9 \u00e9quip\u00e9 d\u2019un bec pivotant transparent et d\u2019une anse, bo\u00eete individuelle Avec ou sans impression Volume : 28 on Zone impression : 1 1\/2&#8243; x 1 1\/2&#8243; Dimensions : 10&#8243; x 3&#8243; diam. Poids : 0,410 Livres<\/p>\n","protected":false},"featured_media":3753,"template":"","meta":[],"class_list":{"0":"post-3745","1":"product","2":"type-product","3":"status-publish","4":"has-post-thumbnail","6":"product_cat-bouteille","7":"pa_couleur-bleu-15","8":"pa_couleur-or-22","9":"pa_couleur-rouge-13","10":"pa_couleur-vert-10","12":"first","13":"instock","14":"shipping-taxable","15":"purchasable","16":"product-type-variable"},"aioseo_notices":[],"_links":{"self":[{"href":"https:\/\/shalouka.com\/fr\/wp-json\/wp\/v2\/product\/3745","targetHints":{"allow":["GET"]}}],"collection":[{"href":"https:\/\/shalouka.com\/fr\/wp-json\/wp\/v2\/product"}],"about":[{"href":"https:\/\/shalouka.com\/fr\/wp-json\/wp\/v2\/types\/product"}],"wp:featuredmedia":[{"embeddable":true,"href":"https:\/\/shalouka.com\/fr\/wp-json\/wp\/v2\/media\/3753"}],"wp:attachment":[{"href":"https:\/\/shalouka.com\/fr\/wp-json\/wp\/v2\/media?parent=3745"}],"curies":[{"name":"wp","href":"https:\/\/api.w.org\/{rel}","templated":true}]}}