{"id":3743,"date":"2013-05-15T12:23:48","date_gmt":"2013-05-15T16:23:48","guid":{"rendered":"http:\/\/shalouka.com\/shop\/bouteille-plastique-0841-copy-2\/"},"modified":"2014-03-24T20:44:16","modified_gmt":"2014-03-25T00:44:16","slug":"bouteille-plastique-1026","status":"publish","type":"product","link":"https:\/\/shalouka.com\/fr\/produit\/bouteille-plastique-1026\/","title":{"rendered":"Bouteille plastique #1026"},"content":{"rendered":"<p>Couvercle anti-projection \u00e0 ouverture automatique et pipette r\u00e9tractable, anneau plastique de transport, bo\u00eete individuelle.<br \/>\nAvec ou sans impression<\/p>\n<p>Volume : 28 on<br \/>\nZone impression : 1 3\/4&#8243; x 1 3\/8&#8243;<br \/>\nDimensions : 10 1\/4&#8243; x 3&#8243; diam.<br \/>\nPoids : 0,400 Livres<\/p>","protected":false},"excerpt":{"rendered":"<p>Couvercle anti-projection \u00e0 ouverture automatique et pipette r\u00e9tractable, anneau plastique de transport, bo\u00eete individuelle. Avec ou sans impression Volume : 28 on Zone impression : 1 3\/4&#8243; x 1 3\/8&#8243; Dimensions : 10 1\/4&#8243; x 3&#8243; diam. Poids : 0,400 Livres<\/p>\n","protected":false},"featured_media":3752,"template":"","meta":[],"class_list":{"0":"post-3743","1":"product","2":"type-product","3":"status-publish","4":"has-post-thumbnail","6":"product_cat-bouteille","7":"pa_couleur-bleu-15","8":"pa_couleur-fume-07","9":"pa_couleur-rouge-13","10":"pa_couleur-vert-10","12":"first","13":"instock","14":"shipping-taxable","15":"purchasable","16":"product-type-variable"},"aioseo_notices":[],"_links":{"self":[{"href":"https:\/\/shalouka.com\/fr\/wp-json\/wp\/v2\/product\/3743","targetHints":{"allow":["GET"]}}],"collection":[{"href":"https:\/\/shalouka.com\/fr\/wp-json\/wp\/v2\/product"}],"about":[{"href":"https:\/\/shalouka.com\/fr\/wp-json\/wp\/v2\/types\/product"}],"wp:featuredmedia":[{"embeddable":true,"href":"https:\/\/shalouka.com\/fr\/wp-json\/wp\/v2\/media\/3752"}],"wp:attachment":[{"href":"https:\/\/shalouka.com\/fr\/wp-json\/wp\/v2\/media?parent=3743"}],"curies":[{"name":"wp","href":"https:\/\/api.w.org\/{rel}","templated":true}]}}