{"id":3741,"date":"2013-05-15T12:23:46","date_gmt":"2013-05-15T16:23:46","guid":{"rendered":"http:\/\/shalouka.com\/shop\/bouteille-plastique-0841-copy\/"},"modified":"2014-03-24T20:44:30","modified_gmt":"2014-03-25T00:44:30","slug":"bouteille-en-inox-1021","status":"publish","type":"product","link":"https:\/\/shalouka.com\/fr\/produit\/bouteille-en-inox-1021\/","title":{"rendered":"Bouteille en inox #1021"},"content":{"rendered":"<p>Gourde de sport en inox avec bouchon viss\u00e9 \u00e9quip\u00e9 d\u2019une poign\u00e9e en rond et d\u2019un anneau avec mousqueton, 24 oz., bo\u00eete individuelle.<\/p>\n<p>Avec ou sans impression.<br \/>\n***Prenez note que l\u2019impression NOIRE sur les produits Rouge (13) et Bleu (15) sera peu visible. Nous ne le recommandons pas.<\/p>\n<p>Volume : 24 on<br \/>\nZone impression : 1 1\/2&#8243; x 1 1\/2&#8243;<br \/>\nDimensions : 10 3\/8&#8243; x 3&#8243; diam.<br \/>\nPoids : 0,350 Livres<\/p>","protected":false},"excerpt":{"rendered":"<p>Gourde de sport en inox avec bouchon viss\u00e9 \u00e9quip\u00e9 d\u2019une poign\u00e9e en rond et d\u2019un anneau avec mousqueton, 24 oz., bo\u00eete individuelle. Avec ou sans impression. ***Prenez note que l\u2019impression NOIRE sur les produits Rouge (13) et Bleu (15) sera peu visible. Nous ne le recommandons pas. Volume : 24 on Zone impression : 1 [&hellip;]<\/p>\n","protected":false},"featured_media":3751,"template":"","meta":[],"class_list":{"0":"post-3741","1":"product","2":"type-product","3":"status-publish","4":"has-post-thumbnail","6":"product_cat-bouteille","7":"pa_couleur-argent-21","8":"pa_couleur-bleu-15","9":"pa_couleur-rouge-13","10":"pa_couleur-vert-10","12":"first","13":"instock","14":"shipping-taxable","15":"purchasable","16":"product-type-variable"},"aioseo_notices":[],"_links":{"self":[{"href":"https:\/\/shalouka.com\/fr\/wp-json\/wp\/v2\/product\/3741","targetHints":{"allow":["GET"]}}],"collection":[{"href":"https:\/\/shalouka.com\/fr\/wp-json\/wp\/v2\/product"}],"about":[{"href":"https:\/\/shalouka.com\/fr\/wp-json\/wp\/v2\/types\/product"}],"wp:featuredmedia":[{"embeddable":true,"href":"https:\/\/shalouka.com\/fr\/wp-json\/wp\/v2\/media\/3751"}],"wp:attachment":[{"href":"https:\/\/shalouka.com\/fr\/wp-json\/wp\/v2\/media?parent=3741"}],"curies":[{"name":"wp","href":"https:\/\/api.w.org\/{rel}","templated":true}]}}