{"id":3731,"date":"2013-05-15T11:27:53","date_gmt":"2013-05-15T15:27:53","guid":{"rendered":"http:\/\/shalouka.com\/shop\/bouteille-plastique-0841\/"},"modified":"2014-03-24T20:44:23","modified_gmt":"2014-03-25T00:44:23","slug":"bouteille-plastique-0841","status":"publish","type":"product","link":"https:\/\/shalouka.com\/fr\/produit\/bouteille-plastique-0841\/","title":{"rendered":"Bouteille plastique #0841"},"content":{"rendered":"<p>Gourde de 24 oz, int\u00e9rieur en Polypropyl\u00e8ne et ext\u00e9rieur en Polycarbonate, couvercle en acier inoxydable est retenu par une lani\u00e8re r\u00e9sistante, mesures de volume indiqu\u00e9es sur le c\u00f4t\u00e9, bo\u00eete cadeau individuelle.<br \/>\nAvec ou sans impression<\/p>\n<p>Volume : 24 on<br \/>\nZone impression : 1 3\/4&#8243; x 2&#8243;<br \/>\nDimensions : 9 1\/2&#8243; x 2 3\/4&#8243; diam.<br \/>\nPoids : 0,468 Livres<\/p>","protected":false},"excerpt":{"rendered":"<p>Gourde de 24 oz, int\u00e9rieur en Polypropyl\u00e8ne et ext\u00e9rieur en Polycarbonate, couvercle en acier inoxydable est retenu par une lani\u00e8re r\u00e9sistante, mesures de volume indiqu\u00e9es sur le c\u00f4t\u00e9, bo\u00eete cadeau individuelle. Avec ou sans impression Volume : 24 on Zone impression : 1 3\/4&#8243; x 2&#8243; Dimensions : 9 1\/2&#8243; x 2 3\/4&#8243; diam. Poids [&hellip;]<\/p>\n","protected":false},"featured_media":3736,"template":"","meta":[],"class_list":{"0":"post-3731","1":"product","2":"type-product","3":"status-publish","4":"has-post-thumbnail","6":"product_cat-bouteille","7":"pa_couleur-bleu-15","8":"pa_couleur-rouge-13","10":"first","11":"instock","12":"shipping-taxable","13":"purchasable","14":"product-type-variable"},"aioseo_notices":[],"_links":{"self":[{"href":"https:\/\/shalouka.com\/fr\/wp-json\/wp\/v2\/product\/3731","targetHints":{"allow":["GET"]}}],"collection":[{"href":"https:\/\/shalouka.com\/fr\/wp-json\/wp\/v2\/product"}],"about":[{"href":"https:\/\/shalouka.com\/fr\/wp-json\/wp\/v2\/types\/product"}],"wp:featuredmedia":[{"embeddable":true,"href":"https:\/\/shalouka.com\/fr\/wp-json\/wp\/v2\/media\/3736"}],"wp:attachment":[{"href":"https:\/\/shalouka.com\/fr\/wp-json\/wp\/v2\/media?parent=3731"}],"curies":[{"name":"wp","href":"https:\/\/api.w.org\/{rel}","templated":true}]}}