{"id":3729,"date":"2013-05-15T11:27:51","date_gmt":"2013-05-15T15:27:51","guid":{"rendered":"http:\/\/shalouka.com\/shop\/bouteille-plastique-0637\/"},"modified":"2014-03-24T20:44:58","modified_gmt":"2014-03-25T00:44:58","slug":"chope-thermos-0637","status":"publish","type":"product","link":"https:\/\/shalouka.com\/fr\/produit\/chope-thermos-0637\/","title":{"rendered":"Chope thermos #0637"},"content":{"rendered":"<p>Chope isotherme avec habillage en plastique translucide color\u00e9 et poign\u00e9e noire, bordure et int\u00e9rieur en acier inox, couvercle anti-\u00e9claboussure avec ouverture coulissante, bo\u00eete individuelle.<\/p>\n<p>Avec ou sans impression<\/p>\n<p>Volume : 10 on<br \/>\nZone impression : 2 3\/4&#8243; x 2 1\/4&#8243;<br \/>\nDimensions : 4 1\/2&#8243; x 3&#8243; diam.<br \/>\nPoids : 0,550 Livres<\/p>","protected":false},"excerpt":{"rendered":"<p>Chope isotherme avec habillage en plastique translucide color\u00e9 et poign\u00e9e noire, bordure et int\u00e9rieur en acier inox, couvercle anti-\u00e9claboussure avec ouverture coulissante, bo\u00eete individuelle. Avec ou sans impression Volume : 10 on Zone impression : 2 3\/4&#8243; x 2 1\/4&#8243; Dimensions : 4 1\/2&#8243; x 3&#8243; diam. Poids : 0,550 Livres<\/p>\n","protected":false},"featured_media":3735,"template":"","meta":[],"class_list":{"0":"post-3729","1":"product","2":"type-product","3":"status-publish","4":"has-post-thumbnail","6":"product_cat-bouteille","7":"pa_couleur-bleu-15","8":"pa_couleur-rouge-13","10":"first","11":"instock","12":"shipping-taxable","13":"purchasable","14":"product-type-variable"},"aioseo_notices":[],"_links":{"self":[{"href":"https:\/\/shalouka.com\/fr\/wp-json\/wp\/v2\/product\/3729","targetHints":{"allow":["GET"]}}],"collection":[{"href":"https:\/\/shalouka.com\/fr\/wp-json\/wp\/v2\/product"}],"about":[{"href":"https:\/\/shalouka.com\/fr\/wp-json\/wp\/v2\/types\/product"}],"wp:featuredmedia":[{"embeddable":true,"href":"https:\/\/shalouka.com\/fr\/wp-json\/wp\/v2\/media\/3735"}],"wp:attachment":[{"href":"https:\/\/shalouka.com\/fr\/wp-json\/wp\/v2\/media?parent=3729"}],"curies":[{"name":"wp","href":"https:\/\/api.w.org\/{rel}","templated":true}]}}