{"id":3723,"date":"2013-05-15T11:27:43","date_gmt":"2013-05-15T15:27:43","guid":{"rendered":"http:\/\/shalouka.com\/shop\/bouteille-plastique-0227\/"},"modified":"2014-03-24T20:45:11","modified_gmt":"2014-03-25T00:45:11","slug":"chope-glaciale-0227","status":"publish","type":"product","link":"https:\/\/shalouka.com\/fr\/produit\/chope-glaciale-0227\/","title":{"rendered":"Chope glaciale #0227"},"content":{"rendered":"<p>Chope congelable en acrylique translucide \u00e0 double paroi, gel liquide s\u00e9curitaire non-toxique pour garder la chope froide, bo\u00eete individuelle. La chope doit \u00eatre plac\u00e9e au cong\u00e9lateur pour un maximum de 4 heures<\/p>\n<p>Avec ou sans impression<\/p>\n<p>Volume : 12 on<br \/>\nZone impression : 2 5\/16&#8243; x 3 1\/2&#8243;<br \/>\nDimensions : 6&#8243; x 3 1\/2&#8243; diam.<br \/>\nPoids : 0,783 Livres<\/p>","protected":false},"excerpt":{"rendered":"<p>Chope congelable en acrylique translucide \u00e0 double paroi, gel liquide s\u00e9curitaire non-toxique pour garder la chope froide, bo\u00eete individuelle. La chope doit \u00eatre plac\u00e9e au cong\u00e9lateur pour un maximum de 4 heures Avec ou sans impression Volume : 12 on Zone impression : 2 5\/16&#8243; x 3 1\/2&#8243; Dimensions : 6&#8243; x 3 1\/2&#8243; diam. [&hellip;]<\/p>\n","protected":false},"featured_media":3733,"template":"","meta":[],"class_list":{"0":"post-3723","1":"product","2":"type-product","3":"status-publish","4":"has-post-thumbnail","6":"product_cat-bouteille","7":"pa_couleur-bleu-15","8":"pa_couleur-transparent-18","10":"first","11":"instock","12":"shipping-taxable","13":"purchasable","14":"product-type-variable"},"aioseo_notices":[],"_links":{"self":[{"href":"https:\/\/shalouka.com\/fr\/wp-json\/wp\/v2\/product\/3723","targetHints":{"allow":["GET"]}}],"collection":[{"href":"https:\/\/shalouka.com\/fr\/wp-json\/wp\/v2\/product"}],"about":[{"href":"https:\/\/shalouka.com\/fr\/wp-json\/wp\/v2\/types\/product"}],"wp:featuredmedia":[{"embeddable":true,"href":"https:\/\/shalouka.com\/fr\/wp-json\/wp\/v2\/media\/3733"}],"wp:attachment":[{"href":"https:\/\/shalouka.com\/fr\/wp-json\/wp\/v2\/media?parent=3723"}],"curies":[{"name":"wp","href":"https:\/\/api.w.org\/{rel}","templated":true}]}}