{"id":36,"date":"2012-09-27T05:18:56","date_gmt":"2012-09-27T05:18:56","guid":{"rendered":"http:\/\/studioteknik.ca\/shalouka\/?post_type=product&#038;p=36"},"modified":"2015-05-11T15:44:56","modified_gmt":"2015-05-11T20:44:56","slug":"molleton-deux-tons-a-capuchon-et-cordon-contrastants","status":"publish","type":"product","link":"https:\/\/shalouka.com\/fr\/produit\/185c00-molleton-deux-tons-a-capuchon-et-cordon-contrastants\/","title":{"rendered":"185C00 &#8211; Molleton deux tons \u00e0 capuchon et cordon contrastants"},"content":{"rendered":"<p>50% Coton \/ 50% polyester pr\u00e9r\u00e9tr\u00e9ci. Tissage \u00e0 jet d\u2019air \u2013 plus de douceur et anti-bouloche. Capuchon de couleur contrastante avec int\u00e9rieur en jersey. Double coutures aux poignets. Poche manchon. 1X1 tricot c\u00f4tel\u00e9 avec spandex. Tissu tourn\u00e9 d\u2019un quart de tour pour \u00e9liminer le pli central.<\/p>","protected":false},"excerpt":{"rendered":"<p>50% Coton \/ 50% polyester pr\u00e9r\u00e9tr\u00e9ci. Tissage \u00e0 jet d\u2019air \u2013 plus de douceur et anti-bouloche. Capuchon de couleur contrastante avec int\u00e9rieur en jersey. Double coutures aux poignets. Poche manchon. 1X1 tricot c\u00f4tel\u00e9 avec spandex. Tissu tourn\u00e9 d\u2019un quart de tour pour \u00e9liminer le pli central.<\/p>\n","protected":false},"featured_media":4634,"template":"","meta":[],"class_list":{"0":"post-36","1":"product","2":"type-product","3":"status-publish","4":"has-post-thumbnail","6":"product_cat-vetements","7":"product_cat-capuchon","8":"product_cat-manche-longue","9":"product_cat-molleton","10":"product_cat-gildan","11":"product_cat-homme","12":"pa_couleur-gris-sport-noir","13":"pa_couleur-marine-gris-sport","14":"pa_couleur-marine-or","15":"pa_couleur-noir-gris-sport","16":"pa_couleur-noir-rouge","17":"pa_couleur-rouge-gris-sport","18":"pa_couleur-royal-gris-sport","19":"pa_grandeur-l","20":"pa_grandeur-m","21":"pa_grandeur-s","22":"pa_grandeur-xl","23":"pa_grandeur-xxl","25":"first","26":"instock","27":"shipping-taxable","28":"purchasable","29":"product-type-variable"},"aioseo_notices":[],"_links":{"self":[{"href":"https:\/\/shalouka.com\/fr\/wp-json\/wp\/v2\/product\/36","targetHints":{"allow":["GET"]}}],"collection":[{"href":"https:\/\/shalouka.com\/fr\/wp-json\/wp\/v2\/product"}],"about":[{"href":"https:\/\/shalouka.com\/fr\/wp-json\/wp\/v2\/types\/product"}],"wp:featuredmedia":[{"embeddable":true,"href":"https:\/\/shalouka.com\/fr\/wp-json\/wp\/v2\/media\/4634"}],"wp:attachment":[{"href":"https:\/\/shalouka.com\/fr\/wp-json\/wp\/v2\/media?parent=36"}],"curies":[{"name":"wp","href":"https:\/\/api.w.org\/{rel}","templated":true}]}}