{"id":3444,"date":"2013-04-24T20:43:59","date_gmt":"2013-04-25T00:43:59","guid":{"rendered":"http:\/\/www.shalouka.com\/?post_type=product&#038;p=3444"},"modified":"2014-03-24T21:15:48","modified_gmt":"2014-03-25T01:15:48","slug":"bouteille-plastique-1372","status":"publish","type":"product","link":"https:\/\/shalouka.com\/fr\/produit\/bouteille-plastique-1372\/","title":{"rendered":"Bouteille plastique #1372"},"content":{"rendered":"<p>Bouteille de sport 20 oz en PET, couvercle \u00e0 pression qui culbute pour prot\u00e9ger des \u00e9claboussures, sac individuel.<br \/>\nAvec ou sans impression<\/p>\n<p>Volume : 20 on.<br \/>\nZone impression : 1 3\/8&#8243; x 1 3\/8&#8243;<br \/>\nDimensions : 10&#8243; x 3&#8243; diam.<br \/>\nPoids : 0,271 Livres<\/p>","protected":false},"excerpt":{"rendered":"<p>&nbsp;<\/p>\n<p>&nbsp;<\/p>\n<p>&nbsp;<\/p>\n","protected":false},"featured_media":3451,"template":"","meta":[],"class_list":{"0":"post-3444","1":"product","2":"type-product","3":"status-publish","4":"has-post-thumbnail","6":"product_cat-bouteille","7":"pa_couleur-bleu-15","8":"pa_couleur-fume-07","10":"first","11":"instock","12":"shipping-taxable","13":"purchasable","14":"product-type-variable"},"aioseo_notices":[],"_links":{"self":[{"href":"https:\/\/shalouka.com\/fr\/wp-json\/wp\/v2\/product\/3444","targetHints":{"allow":["GET"]}}],"collection":[{"href":"https:\/\/shalouka.com\/fr\/wp-json\/wp\/v2\/product"}],"about":[{"href":"https:\/\/shalouka.com\/fr\/wp-json\/wp\/v2\/types\/product"}],"wp:featuredmedia":[{"embeddable":true,"href":"https:\/\/shalouka.com\/fr\/wp-json\/wp\/v2\/media\/3451"}],"wp:attachment":[{"href":"https:\/\/shalouka.com\/fr\/wp-json\/wp\/v2\/media?parent=3444"}],"curies":[{"name":"wp","href":"https:\/\/api.w.org\/{rel}","templated":true}]}}