{"id":3441,"date":"2013-04-23T12:09:52","date_gmt":"2013-04-23T16:09:52","guid":{"rendered":"http:\/\/www.shalouka.com\/?post_type=product&#038;p=3441"},"modified":"2014-03-24T20:47:07","modified_gmt":"2014-03-25T00:47:07","slug":"bouteille-en-inox-1129","status":"publish","type":"product","link":"https:\/\/shalouka.com\/fr\/produit\/bouteille-en-inox-1129\/","title":{"rendered":"Bouteille en inox #1129"},"content":{"rendered":"<p>Bouteille en acier inoxydable color\u00e9 avec mousqueton, grande poign\u00e9e sur le bouchon viss\u00e9 pour avoir une bonne prise sur la bouteille, bo\u00eete individuelle, ce produit est conforme aux normes de la FDA<br \/>\nAvec ou sans imprim\u00e9<\/p>\n<p>Volume : 24 oz<br \/>\nEspace d&#8217;impression : 1 3\/4&#8243; x 2&#8243;<br \/>\nDimensions : 10 1\/2&#8243; x 2 3\/4&#8243; diam\u00e8tre<br \/>\nPoids : 0.379 livres<\/p>","protected":false},"excerpt":{"rendered":"<p>Bouteille en acier inoxydable color\u00e9 avec mousqueton, grande poign\u00e9e sur le bouchon viss\u00e9 pour avoir une bonne prise sur la bouteille, bo\u00eete individuelle, ce produit est conforme aux normes de la FDA Avec ou sans imprim\u00e9 Volume : 24 oz Espace d&#8217;impression : 1 3\/4&#8243; x 2&#8243; Dimensions : 10 1\/2&#8243; x 2 3\/4&#8243; diam\u00e8tre [&hellip;]<\/p>\n","protected":false},"featured_media":3442,"template":"","meta":[],"class_list":{"0":"post-3441","1":"product","2":"type-product","3":"status-publish","4":"has-post-thumbnail","6":"product_cat-bouteille","7":"pa_couleur-argent-21","8":"pa_couleur-bleu-15","9":"pa_couleur-mauve-01","10":"pa_couleur-rouge-13","11":"pa_couleur-vert-10","13":"first","14":"instock","15":"shipping-taxable","16":"purchasable","17":"product-type-variable"},"aioseo_notices":[],"_links":{"self":[{"href":"https:\/\/shalouka.com\/fr\/wp-json\/wp\/v2\/product\/3441","targetHints":{"allow":["GET"]}}],"collection":[{"href":"https:\/\/shalouka.com\/fr\/wp-json\/wp\/v2\/product"}],"about":[{"href":"https:\/\/shalouka.com\/fr\/wp-json\/wp\/v2\/types\/product"}],"wp:featuredmedia":[{"embeddable":true,"href":"https:\/\/shalouka.com\/fr\/wp-json\/wp\/v2\/media\/3442"}],"wp:attachment":[{"href":"https:\/\/shalouka.com\/fr\/wp-json\/wp\/v2\/media?parent=3441"}],"curies":[{"name":"wp","href":"https:\/\/api.w.org\/{rel}","templated":true}]}}