{"id":3407,"date":"2013-04-22T19:29:06","date_gmt":"2013-04-22T23:29:06","guid":{"rendered":"http:\/\/www.shalouka.com\/shop\/casquette-ah36\/"},"modified":"2014-03-11T21:56:56","modified_gmt":"2014-03-12T01:56:56","slug":"casquette-ah36","status":"publish","type":"product","link":"https:\/\/shalouka.com\/fr\/produit\/casquette-ah36\/","title":{"rendered":"Casquette AH36"},"content":{"rendered":"<p>100% Coton p\u00eache pr\u00e9-lav\u00e9 Twill, 6 panneaux, couture contrastante, profile bas, palette pr\u00e9-courb\u00e9e, panneaux avants sans renforcement, attache arri\u00e8re en tissu avec boucle coulissante.<\/p>\n<p>Grandeur unique<\/p>","protected":false},"excerpt":{"rendered":"<p>100% Coton p\u00eache pr\u00e9-lav\u00e9 Twill, 6 panneaux, couture contrastante, profile bas, palette pr\u00e9-courb\u00e9e, panneaux avants sans renforcement, attache arri\u00e8re en tissu avec boucle coulissante. Grandeur unique<\/p>\n","protected":false},"featured_media":3437,"template":"","meta":[],"class_list":{"0":"post-3407","1":"product","2":"type-product","3":"status-publish","4":"has-post-thumbnail","6":"product_cat-vetements","7":"product_cat-tuque-et-casquette","8":"pa_couleur-ah36-noir-or","9":"pa_couleur-ah36-noir-orange","10":"pa_couleur-ah36-noir-rouge","11":"pa_couleur-ah36-noir-blanc","12":"pa_couleur-ah36-brun-kaki","13":"pa_couleur-ah36-kaki-noir","14":"pa_couleur-ah36-marine-or","15":"pa_couleur-ah36-marine-blanc","16":"pa_couleur-ah36-rouge-noir","18":"first","19":"instock","20":"shipping-taxable","21":"purchasable","22":"product-type-variable"},"aioseo_notices":[],"_links":{"self":[{"href":"https:\/\/shalouka.com\/fr\/wp-json\/wp\/v2\/product\/3407","targetHints":{"allow":["GET"]}}],"collection":[{"href":"https:\/\/shalouka.com\/fr\/wp-json\/wp\/v2\/product"}],"about":[{"href":"https:\/\/shalouka.com\/fr\/wp-json\/wp\/v2\/types\/product"}],"wp:featuredmedia":[{"embeddable":true,"href":"https:\/\/shalouka.com\/fr\/wp-json\/wp\/v2\/media\/3437"}],"wp:attachment":[{"href":"https:\/\/shalouka.com\/fr\/wp-json\/wp\/v2\/media?parent=3407"}],"curies":[{"name":"wp","href":"https:\/\/api.w.org\/{rel}","templated":true}]}}