{"id":34,"date":"2012-09-27T05:05:56","date_gmt":"2012-09-27T05:05:56","guid":{"rendered":"http:\/\/studioteknik.ca\/shalouka\/?post_type=product&#038;p=34"},"modified":"2015-05-11T15:27:15","modified_gmt":"2015-05-11T20:27:15","slug":"molleton-a-capuchon","status":"publish","type":"product","link":"https:\/\/shalouka.com\/fr\/produit\/18500-molleton-a-capuchon\/","title":{"rendered":"18500 &#8211; Molleton \u00e0 capuchon"},"content":{"rendered":"<p>50% Coton \/50% polyester pr\u00e9r\u00e9tr\u00e9ci. Capuchon doubl\u00e9. Cordon au col. Double coutures poignets, poches et bande de taille. Manches mont\u00e9es. 1\/4 Tour. 1X1 C\u00f4te avec Lycra\u00ae.<\/p>","protected":false},"excerpt":{"rendered":"<p>50% Coton \/50% polyester pr\u00e9r\u00e9tr\u00e9ci. Capuchon doubl\u00e9. Cordon au col. Double coutures poignets, poches et bande de taille. Manches mont\u00e9es. 1\/4 Tour. 1X1 C\u00f4te avec Lycra\u00ae.<\/p>\n","protected":false},"featured_media":4632,"template":"","meta":[],"class_list":{"0":"post-34","1":"product","2":"type-product","3":"status-publish","4":"has-post-thumbnail","6":"product_cat-vetements","7":"product_cat-capuchon","8":"product_cat-manche-longue","9":"product_cat-molleton","10":"product_cat-gildan","11":"product_cat-homme","12":"pa_couleur-gris-cendre","13":"pa_couleur-blanc","14":"pa_couleur-bleu-carolina","15":"pa_couleur-bleu-pale","16":"pa_couleur-charbon","17":"pa_couleur-chocolat-fonce","18":"pa_couleur-vert-foret","19":"pa_couleur-gris-fonce","20":"pa_couleur-heliconia","21":"pa_couleur-indigo","22":"pa_couleur-vert-iris","23":"pa_couleur-kiwi","24":"pa_couleur-marine","25":"pa_couleur-marron","26":"pa_couleur-mauve","27":"pa_couleur-vert-militaire","28":"pa_couleur-noir","29":"pa_couleur-or","30":"pa_couleur-orange","31":"pa_couleur-orange-securite","32":"pa_couleur-rose-pale","33":"pa_couleur-rose-securite","34":"pa_couleur-rouge","35":"pa_couleur-rouge-cerise","36":"pa_couleur-rouge-cerise-antique","37":"pa_couleur-royal","38":"pa_couleur-sable","39":"pa_couleur-saphir-antique","40":"pa_couleur-gris-sport","41":"pa_couleur-vert-securite","42":"pa_grandeur-3xl","43":"pa_grandeur-4xl","44":"pa_grandeur-5xl","45":"pa_grandeur-l","46":"pa_grandeur-m","47":"pa_grandeur-s","48":"pa_grandeur-xl","49":"pa_grandeur-xxl","51":"first","52":"instock","53":"shipping-taxable","54":"purchasable","55":"product-type-variable"},"aioseo_notices":[],"_links":{"self":[{"href":"https:\/\/shalouka.com\/fr\/wp-json\/wp\/v2\/product\/34","targetHints":{"allow":["GET"]}}],"collection":[{"href":"https:\/\/shalouka.com\/fr\/wp-json\/wp\/v2\/product"}],"about":[{"href":"https:\/\/shalouka.com\/fr\/wp-json\/wp\/v2\/types\/product"}],"wp:featuredmedia":[{"embeddable":true,"href":"https:\/\/shalouka.com\/fr\/wp-json\/wp\/v2\/media\/4632"}],"wp:attachment":[{"href":"https:\/\/shalouka.com\/fr\/wp-json\/wp\/v2\/media?parent=34"}],"curies":[{"name":"wp","href":"https:\/\/api.w.org\/{rel}","templated":true}]}}