{"id":3365,"date":"2013-04-22T17:17:08","date_gmt":"2013-04-22T21:17:08","guid":{"rendered":"http:\/\/www.shalouka.com\/?post_type=product&#038;p=3365"},"modified":"2014-03-11T21:57:13","modified_gmt":"2014-03-12T01:57:13","slug":"casquette-ah80","status":"publish","type":"product","link":"https:\/\/shalouka.com\/fr\/produit\/casquette-ah80\/","title":{"rendered":"Casquette AH80"},"content":{"rendered":"<p>100% Coton biologique pr\u00e9-lav\u00e9 Chino Twill, 6 panneaux, 100% polyester mesh arri\u00e8re, profile moyen, palette pr\u00e9-courb\u00e9e, panneaux avants renforc\u00e9s, attache arri\u00e8re avec Velcro.<\/p>\n<p>Grandeur unique<\/p>","protected":false},"excerpt":{"rendered":"<p>100% Coton biologique pr\u00e9-lav\u00e9 Chino Twill, 6 panneaux, 100% polyester mesh arri\u00e8re, profile moyen, palette pr\u00e9-courb\u00e9e, panneaux avants renforc\u00e9s, attache arri\u00e8re avec Velcro. Grandeur unique<\/p>\n","protected":false},"featured_media":3371,"template":"","meta":[],"class_list":{"0":"post-3365","1":"product","2":"type-product","3":"status-publish","4":"has-post-thumbnail","6":"product_cat-vetements","7":"product_cat-tuque-et-casquette","8":"pa_couleur-ah80-brun-kaki","9":"pa_couleur-ah80-foret-blanc","10":"pa_couleur-ah80-foret-or","11":"pa_couleur-ah80-marine-blanc","12":"pa_couleur-ah80-marine-gris","13":"pa_couleur-ah80-noir-blanc","14":"pa_couleur-ah80-noir-orange","15":"pa_couleur-ah80-rouge-blanc","17":"first","18":"instock","19":"shipping-taxable","20":"purchasable","21":"product-type-variable"},"aioseo_notices":[],"_links":{"self":[{"href":"https:\/\/shalouka.com\/fr\/wp-json\/wp\/v2\/product\/3365","targetHints":{"allow":["GET"]}}],"collection":[{"href":"https:\/\/shalouka.com\/fr\/wp-json\/wp\/v2\/product"}],"about":[{"href":"https:\/\/shalouka.com\/fr\/wp-json\/wp\/v2\/types\/product"}],"wp:featuredmedia":[{"embeddable":true,"href":"https:\/\/shalouka.com\/fr\/wp-json\/wp\/v2\/media\/3371"}],"wp:attachment":[{"href":"https:\/\/shalouka.com\/fr\/wp-json\/wp\/v2\/media?parent=3365"}],"curies":[{"name":"wp","href":"https:\/\/api.w.org\/{rel}","templated":true}]}}