{"id":327,"date":"2012-10-27T00:40:31","date_gmt":"2012-10-27T00:40:31","guid":{"rendered":"http:\/\/www.shalouka.com\/shop\/basketball-5\/"},"modified":"2014-03-24T21:10:42","modified_gmt":"2014-03-25T01:10:42","slug":"basketball-5","status":"publish","type":"product","link":"https:\/\/shalouka.com\/fr\/produit\/basketball-5\/","title":{"rendered":"Basketball 5"},"content":{"rendered":"<p>Logo en toute simplicit\u00e9 avec l&#8217;ann\u00e9e, le nom et la mascotte repr\u00e9sentant l&#8217;\u00e9quipe<\/p>","protected":false},"excerpt":{"rendered":"<p>Logo en toute simplicit\u00e9 avec l&#8217;ann\u00e9e, le nom et la mascotte repr\u00e9sentant l&#8217;\u00e9quipe<\/p>\n","protected":false},"featured_media":2542,"template":"","meta":[],"class_list":{"0":"post-327","1":"product","2":"type-product","3":"status-publish","4":"has-post-thumbnail","6":"product_cat-sport","7":"product_cat-basketball","9":"first","10":"instock","11":"shipping-taxable","12":"product-type-simple"},"aioseo_notices":[],"_links":{"self":[{"href":"https:\/\/shalouka.com\/fr\/wp-json\/wp\/v2\/product\/327","targetHints":{"allow":["GET"]}}],"collection":[{"href":"https:\/\/shalouka.com\/fr\/wp-json\/wp\/v2\/product"}],"about":[{"href":"https:\/\/shalouka.com\/fr\/wp-json\/wp\/v2\/types\/product"}],"wp:featuredmedia":[{"embeddable":true,"href":"https:\/\/shalouka.com\/fr\/wp-json\/wp\/v2\/media\/2542"}],"wp:attachment":[{"href":"https:\/\/shalouka.com\/fr\/wp-json\/wp\/v2\/media?parent=327"}],"curies":[{"name":"wp","href":"https:\/\/api.w.org\/{rel}","templated":true}]}}