{"id":3189,"date":"2013-02-26T21:18:16","date_gmt":"2013-02-27T02:18:16","guid":{"rendered":"http:\/\/www.shalouka.com\/?post_type=product&#038;p=3189"},"modified":"2015-05-13T20:38:33","modified_gmt":"2015-05-14T01:38:33","slug":"molleton-deux-tons-a-capuchon-et-cordon-contrastant","status":"publish","type":"product","link":"https:\/\/shalouka.com\/fr\/produit\/kf9041-molleton-deux-tons-a-capuchon-et-a-cordon-contrastant\/","title":{"rendered":"KF9041 &#8211; Molleton deux tons \u00e0 capuchon et \u00e0 cordon contrastant"},"content":{"rendered":"<p>95% Coton, 5% polyester pr\u00e9r\u00e9tr\u00e9ci. Col, poignets et taille surpiqu\u00e9s 2X1 (95% coton, 5% Lycra). Capuchon \u00e0 double \u00e9paisseur avec int\u00e9rieur contrastant. Cordon contrastant. Couture \u00e0 deux aiguilles au cou et aux emmanchures. Poche manchon.<br \/>\nEn fonction de la couleur du molleton, vous avez les choix de couleur de capuchon suivants:<br \/>\nMolleton gris sport &#8211; capuchon vert for\u00eat, mauve, marine, rouge, royal ou noir<br \/>\nMolleton marine &#8211; capuchon rouge ou bleu p\u00e2le<br \/>\nMolleton charbon &#8211; capuchon rouge ou noir<br \/>\nMolleton noir &#8211; capuchon rouge, vert kelly ou charbon<\/p>","protected":false},"excerpt":{"rendered":"<p>95% Coton, 5% polyester pr\u00e9r\u00e9tr\u00e9ci. Col, poignets et taille surpiqu\u00e9s 2X1 (95% coton, 5% Lycra). Capuchon \u00e0 double \u00e9paisseur avec int\u00e9rieur contrastant. Cordon contrastant. Couture \u00e0 deux aiguilles au cou et aux emmanchures. Poche manchon. En fonction de la couleur du molleton, vous avez les choix de couleur de capuchon suivants: Molleton gris sport &#8211; [&hellip;]<\/p>\n","protected":false},"featured_media":4650,"template":"","meta":[],"class_list":{"0":"post-3189","1":"product","2":"type-product","3":"status-publish","4":"has-post-thumbnail","6":"product_cat-vetements","7":"product_cat-capuchon","8":"product_cat-manche-longue","9":"product_cat-molleton","10":"product_cat-femme","11":"product_cat-homme","12":"pa_couleur-charbon","13":"pa_couleur-marine","14":"pa_couleur-noir","15":"pa_couleur-gris-sport","16":"pa_grandeur-l","17":"pa_grandeur-m","18":"pa_grandeur-s","19":"pa_grandeur-xl","20":"pa_grandeur-xxl","22":"first","23":"instock","24":"shipping-taxable","25":"purchasable","26":"product-type-variable"},"aioseo_notices":[],"_links":{"self":[{"href":"https:\/\/shalouka.com\/fr\/wp-json\/wp\/v2\/product\/3189","targetHints":{"allow":["GET"]}}],"collection":[{"href":"https:\/\/shalouka.com\/fr\/wp-json\/wp\/v2\/product"}],"about":[{"href":"https:\/\/shalouka.com\/fr\/wp-json\/wp\/v2\/types\/product"}],"wp:featuredmedia":[{"embeddable":true,"href":"https:\/\/shalouka.com\/fr\/wp-json\/wp\/v2\/media\/4650"}],"wp:attachment":[{"href":"https:\/\/shalouka.com\/fr\/wp-json\/wp\/v2\/media?parent=3189"}],"curies":[{"name":"wp","href":"https:\/\/api.w.org\/{rel}","templated":true}]}}