{"id":2974,"date":"2013-02-04T22:00:12","date_gmt":"2013-02-05T03:00:12","guid":{"rendered":"http:\/\/www.shalouka.com\/shop\/signature-023\/"},"modified":"2014-03-16T21:33:33","modified_gmt":"2014-03-17T01:33:33","slug":"signature-023","status":"publish","type":"product","link":"https:\/\/shalouka.com\/fr\/produit\/signature-023\/","title":{"rendered":"Signature 023"},"content":{"rendered":"<p>Imprim\u00e9 de chandail avec signature des \u00e9l\u00e8ves finissants \u00e0 personnaliser (mod\u00e8le 23)<\/p>","protected":false},"excerpt":{"rendered":"<p>Imprim\u00e9 de chandail avec signature des \u00e9l\u00e8ves finissants \u00e0 personnaliser (mod\u00e8le 23)<\/p>\n","protected":false},"featured_media":2988,"template":"","meta":[],"class_list":{"0":"post-2974","1":"product","2":"type-product","3":"status-publish","4":"has-post-thumbnail","6":"product_cat-combo","7":"product_cat-signatures","9":"first","10":"instock","11":"shipping-taxable","12":"product-type-simple"},"aioseo_notices":[],"_links":{"self":[{"href":"https:\/\/shalouka.com\/fr\/wp-json\/wp\/v2\/product\/2974","targetHints":{"allow":["GET"]}}],"collection":[{"href":"https:\/\/shalouka.com\/fr\/wp-json\/wp\/v2\/product"}],"about":[{"href":"https:\/\/shalouka.com\/fr\/wp-json\/wp\/v2\/types\/product"}],"wp:featuredmedia":[{"embeddable":true,"href":"https:\/\/shalouka.com\/fr\/wp-json\/wp\/v2\/media\/2988"}],"wp:attachment":[{"href":"https:\/\/shalouka.com\/fr\/wp-json\/wp\/v2\/media?parent=2974"}],"curies":[{"name":"wp","href":"https:\/\/api.w.org\/{rel}","templated":true}]}}