{"id":2881,"date":"2013-02-04T21:43:40","date_gmt":"2013-02-05T02:43:40","guid":{"rendered":"http:\/\/www.shalouka.com\/shop\/finissant-064-copy\/"},"modified":"2014-03-16T21:35:19","modified_gmt":"2014-03-17T01:35:19","slug":"signature-001","status":"publish","type":"product","link":"https:\/\/shalouka.com\/fr\/produit\/signature-001\/","title":{"rendered":"Signature 001"},"content":{"rendered":"<p>Imprim\u00e9 de chandail avec signature des \u00e9l\u00e8ves finissants \u00e0 personnaliser (mod\u00e8le 1)<\/p>","protected":false},"excerpt":{"rendered":"<p>Imprim\u00e9 de chandail avec signature des \u00e9l\u00e8ves finissants \u00e0 personnaliser (mod\u00e8le 1)<\/p>\n","protected":false},"featured_media":2883,"template":"","meta":[],"class_list":{"0":"post-2881","1":"product","2":"type-product","3":"status-publish","4":"has-post-thumbnail","6":"product_cat-combo","7":"product_cat-signatures","9":"first","10":"instock","11":"shipping-taxable","12":"product-type-simple"},"aioseo_notices":[],"_links":{"self":[{"href":"https:\/\/shalouka.com\/fr\/wp-json\/wp\/v2\/product\/2881","targetHints":{"allow":["GET"]}}],"collection":[{"href":"https:\/\/shalouka.com\/fr\/wp-json\/wp\/v2\/product"}],"about":[{"href":"https:\/\/shalouka.com\/fr\/wp-json\/wp\/v2\/types\/product"}],"wp:featuredmedia":[{"embeddable":true,"href":"https:\/\/shalouka.com\/fr\/wp-json\/wp\/v2\/media\/2883"}],"wp:attachment":[{"href":"https:\/\/shalouka.com\/fr\/wp-json\/wp\/v2\/media?parent=2881"}],"curies":[{"name":"wp","href":"https:\/\/api.w.org\/{rel}","templated":true}]}}