{"id":2609,"date":"2013-02-01T01:00:38","date_gmt":"2013-02-01T06:00:38","guid":{"rendered":"http:\/\/www.shalouka.com\/shop\/pantalon-14\/"},"modified":"2014-03-17T21:21:19","modified_gmt":"2014-03-18T01:21:19","slug":"pantalon-14","status":"publish","type":"product","link":"https:\/\/shalouka.com\/fr\/produit\/pantalon-14\/","title":{"rendered":"Pantalon 14"},"content":{"rendered":"<p>Imprim\u00e9 de finissant vertical pour pantalon \u00e0 personnaliser (mod\u00e8le 14)<\/p>","protected":false},"excerpt":{"rendered":"<p>Imprim\u00e9 de finissant vertical pour pantalon \u00e0 personnaliser (mod\u00e8le 14)<\/p>\n","protected":false},"featured_media":2625,"template":"","meta":[],"class_list":{"0":"post-2609","1":"product","2":"type-product","3":"status-publish","4":"has-post-thumbnail","6":"product_cat-pantalon","8":"first","9":"instock","10":"shipping-taxable","11":"product-type-simple"},"aioseo_notices":[],"_links":{"self":[{"href":"https:\/\/shalouka.com\/fr\/wp-json\/wp\/v2\/product\/2609","targetHints":{"allow":["GET"]}}],"collection":[{"href":"https:\/\/shalouka.com\/fr\/wp-json\/wp\/v2\/product"}],"about":[{"href":"https:\/\/shalouka.com\/fr\/wp-json\/wp\/v2\/types\/product"}],"wp:featuredmedia":[{"embeddable":true,"href":"https:\/\/shalouka.com\/fr\/wp-json\/wp\/v2\/media\/2625"}],"wp:attachment":[{"href":"https:\/\/shalouka.com\/fr\/wp-json\/wp\/v2\/media?parent=2609"}],"curies":[{"name":"wp","href":"https:\/\/api.w.org\/{rel}","templated":true}]}}