{"id":2595,"date":"2013-02-01T01:00:21","date_gmt":"2013-02-01T06:00:21","guid":{"rendered":"http:\/\/www.shalouka.com\/shop\/pantalon-7\/"},"modified":"2014-03-17T21:22:42","modified_gmt":"2014-03-18T01:22:42","slug":"pantalon-07","status":"publish","type":"product","link":"https:\/\/shalouka.com\/fr\/produit\/pantalon-07\/","title":{"rendered":"Pantalon 07"},"content":{"rendered":"<p>Imprim\u00e9 de finissant vertical pour pantalon \u00e0 personnaliser (mod\u00e8le 07)<\/p>","protected":false},"excerpt":{"rendered":"<p>Imprim\u00e9 de finissant vertical pour pantalon \u00e0 personnaliser (mod\u00e8le 07)<\/p>\n","protected":false},"featured_media":2611,"template":"","meta":[],"class_list":{"0":"post-2595","1":"product","2":"type-product","3":"status-publish","4":"has-post-thumbnail","6":"product_cat-pantalon","8":"first","9":"instock","10":"shipping-taxable","11":"product-type-simple"},"aioseo_notices":[],"_links":{"self":[{"href":"https:\/\/shalouka.com\/fr\/wp-json\/wp\/v2\/product\/2595","targetHints":{"allow":["GET"]}}],"collection":[{"href":"https:\/\/shalouka.com\/fr\/wp-json\/wp\/v2\/product"}],"about":[{"href":"https:\/\/shalouka.com\/fr\/wp-json\/wp\/v2\/types\/product"}],"wp:featuredmedia":[{"embeddable":true,"href":"https:\/\/shalouka.com\/fr\/wp-json\/wp\/v2\/media\/2611"}],"wp:attachment":[{"href":"https:\/\/shalouka.com\/fr\/wp-json\/wp\/v2\/media?parent=2595"}],"curies":[{"name":"wp","href":"https:\/\/api.w.org\/{rel}","templated":true}]}}