{"id":2495,"date":"2013-02-01T00:27:57","date_gmt":"2013-02-01T05:27:57","guid":{"rendered":"http:\/\/www.shalouka.com\/shop\/equipe-sportive-8\/"},"modified":"2014-03-24T20:51:24","modified_gmt":"2014-03-25T00:51:24","slug":"equipe-sportive-08","status":"publish","type":"product","link":"https:\/\/shalouka.com\/fr\/produit\/equipe-sportive-08\/","title":{"rendered":"Equipe sportive 08"},"content":{"rendered":"<p>Un chandail g\u00e9n\u00e9rique pour une \u00e9quipe sportive, seulement le nom de l&#8217;\u00e9quipe et de l&#8217;\u00e9cole.<\/p>","protected":false},"excerpt":{"rendered":"<p>Un chandail g\u00e9n\u00e9rique pour une \u00e9quipe sportive, seulement le nom de l&#8217;\u00e9quipe et de l&#8217;\u00e9cole.<\/p>\n","protected":false},"featured_media":2512,"template":"","meta":[],"class_list":{"0":"post-2495","1":"product","2":"type-product","3":"status-publish","4":"has-post-thumbnail","6":"product_cat-sport","7":"product_cat-equipe","9":"first","10":"instock","11":"shipping-taxable","12":"product-type-simple"},"aioseo_notices":[],"_links":{"self":[{"href":"https:\/\/shalouka.com\/fr\/wp-json\/wp\/v2\/product\/2495","targetHints":{"allow":["GET"]}}],"collection":[{"href":"https:\/\/shalouka.com\/fr\/wp-json\/wp\/v2\/product"}],"about":[{"href":"https:\/\/shalouka.com\/fr\/wp-json\/wp\/v2\/types\/product"}],"wp:featuredmedia":[{"embeddable":true,"href":"https:\/\/shalouka.com\/fr\/wp-json\/wp\/v2\/media\/2512"}],"wp:attachment":[{"href":"https:\/\/shalouka.com\/fr\/wp-json\/wp\/v2\/media?parent=2495"}],"curies":[{"name":"wp","href":"https:\/\/api.w.org\/{rel}","templated":true}]}}