{"id":2493,"date":"2013-02-01T00:27:54","date_gmt":"2013-02-01T05:27:54","guid":{"rendered":"http:\/\/www.shalouka.com\/shop\/equipe-sportive-9\/"},"modified":"2014-03-24T20:51:39","modified_gmt":"2014-03-25T00:51:39","slug":"equipe-sportive-09","status":"publish","type":"product","link":"https:\/\/shalouka.com\/fr\/produit\/equipe-sportive-09\/","title":{"rendered":"Equipe sportive 09"},"content":{"rendered":"<p>Mettez en vedette la mascotte de votre \u00e9quipe sportive ou de votre \u00e9cole en cr\u00e9ant votre propre t-shirt.<\/p>","protected":false},"excerpt":{"rendered":"<p>Mettez en vedette la mascotte de votre \u00e9quipe sportive ou de votre \u00e9cole en cr\u00e9ant votre propre t-shirt.<\/p>\n","protected":false},"featured_media":2509,"template":"","meta":[],"class_list":{"0":"post-2493","1":"product","2":"type-product","3":"status-publish","4":"has-post-thumbnail","6":"product_cat-sport","7":"product_cat-equipe","9":"first","10":"instock","11":"shipping-taxable","12":"product-type-simple"},"aioseo_notices":[],"_links":{"self":[{"href":"https:\/\/shalouka.com\/fr\/wp-json\/wp\/v2\/product\/2493","targetHints":{"allow":["GET"]}}],"collection":[{"href":"https:\/\/shalouka.com\/fr\/wp-json\/wp\/v2\/product"}],"about":[{"href":"https:\/\/shalouka.com\/fr\/wp-json\/wp\/v2\/types\/product"}],"wp:featuredmedia":[{"embeddable":true,"href":"https:\/\/shalouka.com\/fr\/wp-json\/wp\/v2\/media\/2509"}],"wp:attachment":[{"href":"https:\/\/shalouka.com\/fr\/wp-json\/wp\/v2\/media?parent=2493"}],"curies":[{"name":"wp","href":"https:\/\/api.w.org\/{rel}","templated":true}]}}