{"id":2485,"date":"2013-02-01T00:27:44","date_gmt":"2013-02-01T05:27:44","guid":{"rendered":"http:\/\/www.shalouka.com\/shop\/equipe-sportive-13\/"},"modified":"2014-03-24T20:52:31","modified_gmt":"2014-03-25T00:52:31","slug":"equipe-sportive-13","status":"publish","type":"product","link":"https:\/\/shalouka.com\/fr\/produit\/equipe-sportive-13\/","title":{"rendered":"Equipe sportive 13"},"content":{"rendered":"<p>Cr\u00e9ez votre propre logo pour repr\u00e9senter votre \u00e9quipe sportive en vous inspirant de ce mod\u00e8le.<\/p>","protected":false},"excerpt":{"rendered":"<p>Cr\u00e9ez votre propre logo pour repr\u00e9senter votre \u00e9quipe sportive en vous inspirant de ce mod\u00e8le.<\/p>\n","protected":false},"featured_media":2501,"template":"","meta":[],"class_list":{"0":"post-2485","1":"product","2":"type-product","3":"status-publish","4":"has-post-thumbnail","6":"product_cat-sport","7":"product_cat-equipe","9":"first","10":"instock","11":"shipping-taxable","12":"product-type-simple"},"aioseo_notices":[],"_links":{"self":[{"href":"https:\/\/shalouka.com\/fr\/wp-json\/wp\/v2\/product\/2485","targetHints":{"allow":["GET"]}}],"collection":[{"href":"https:\/\/shalouka.com\/fr\/wp-json\/wp\/v2\/product"}],"about":[{"href":"https:\/\/shalouka.com\/fr\/wp-json\/wp\/v2\/types\/product"}],"wp:featuredmedia":[{"embeddable":true,"href":"https:\/\/shalouka.com\/fr\/wp-json\/wp\/v2\/media\/2501"}],"wp:attachment":[{"href":"https:\/\/shalouka.com\/fr\/wp-json\/wp\/v2\/media?parent=2485"}],"curies":[{"name":"wp","href":"https:\/\/api.w.org\/{rel}","templated":true}]}}