{"id":23,"date":"2012-09-27T04:45:53","date_gmt":"2012-09-27T04:45:53","guid":{"rendered":"http:\/\/studioteknik.ca\/shalouka\/?post_type=product&#038;p=23"},"modified":"2015-05-11T15:02:15","modified_gmt":"2015-05-11T20:02:15","slug":"t-shirt-cintre-junior-en-coton-jersey","status":"publish","type":"product","link":"https:\/\/shalouka.com\/fr\/produit\/64000l-t-shirt-silhouette-junior-en-coton-jersey\/","title":{"rendered":"64000L &#8211; T-Shirt silhouette junior en coton jersey"},"content":{"rendered":"<p>100% Coton jersey pr\u00e9r\u00e9tr\u00e9ci, 7.5 oz.  Silhouette junior avec t\u00eates de manches courtes. Confection d\u2019une couture lat\u00e9rale amincissante. Encolure en tricot c\u00f4tel\u00e9 plus \u00e9troite de 1\/2\u201d pour une apparence f\u00e9minine. Piq\u00fbres double sans couture \u00e0 l\u2019encolure pour un confort accru. Points de croix aux ourlets des manches et \u00e0 la taille. Couture lat\u00e9rale. Tissu tourn\u00e9 un quart de tour pour \u00e9liminer le pli central. (sport grey 10% polyester, dark heather\/heather purple 65% polyester)<\/p>","protected":false},"excerpt":{"rendered":"<p>100% Coton jersey pr\u00e9r\u00e9tr\u00e9ci, 7.5 oz. Silhouette junior avec t\u00eates de manches courtes. Confection d\u2019une couture lat\u00e9rale amincissante. Encolure en tricot c\u00f4tel\u00e9 plus \u00e9troite de 1\/2\u201d pour une apparence f\u00e9minine. Piq\u00fbres double sans couture \u00e0 l\u2019encolure pour un confort accru. Points de croix aux ourlets des manches et \u00e0 la taille. Couture lat\u00e9rale. Tissu tourn\u00e9 [&hellip;]<\/p>\n","protected":false},"featured_media":4627,"template":"","meta":[],"class_list":{"0":"post-23","1":"product","2":"type-product","3":"status-publish","4":"has-post-thumbnail","6":"product_cat-vetements","7":"product_cat-gildan","8":"product_cat-manche-courte","9":"product_cat-femme","10":"pa_couleur-blanc","11":"pa_couleur-bleu-pale","12":"pa_couleur-charbon","13":"pa_couleur-chocolat-fonce","14":"pa_couleur-gris-fonce","15":"pa_couleur-vert-iris","16":"pa_couleur-kiwi","17":"pa_couleur-mais-soyeux","18":"pa_couleur-marine","19":"pa_couleur-mauve-bruyere","20":"pa_couleur-noir","21":"pa_couleur-rouge","22":"pa_couleur-rouge-cerise","23":"pa_couleur-royal","24":"pa_couleur-gris-sport","25":"pa_grandeur-l","26":"pa_grandeur-m","27":"pa_grandeur-s","28":"pa_grandeur-xl","29":"pa_grandeur-xxl","31":"first","32":"instock","33":"shipping-taxable","34":"purchasable","35":"product-type-variable"},"aioseo_notices":[],"_links":{"self":[{"href":"https:\/\/shalouka.com\/fr\/wp-json\/wp\/v2\/product\/23","targetHints":{"allow":["GET"]}}],"collection":[{"href":"https:\/\/shalouka.com\/fr\/wp-json\/wp\/v2\/product"}],"about":[{"href":"https:\/\/shalouka.com\/fr\/wp-json\/wp\/v2\/types\/product"}],"wp:featuredmedia":[{"embeddable":true,"href":"https:\/\/shalouka.com\/fr\/wp-json\/wp\/v2\/media\/4627"}],"wp:attachment":[{"href":"https:\/\/shalouka.com\/fr\/wp-json\/wp\/v2\/media?parent=23"}],"curies":[{"name":"wp","href":"https:\/\/api.w.org\/{rel}","templated":true}]}}