{"id":1722,"date":"2012-11-21T14:33:59","date_gmt":"2012-11-21T19:33:59","guid":{"rendered":"http:\/\/www.shalouka.com\/?post_type=product&#038;p=1722"},"modified":"2013-09-09T21:48:27","modified_gmt":"2013-09-10T01:48:27","slug":"collecte-fonds-3","status":"publish","type":"product","link":"https:\/\/shalouka.com\/fr\/produit\/collecte-fonds-3\/","title":{"rendered":"Collecte de fonds 3"},"content":{"rendered":"<p>Imprim\u00e9 de collecte de fonds pour chandail \u00e0 personnaliser (mod\u00e8le 3)<\/p>","protected":false},"excerpt":{"rendered":"<p>Imprim\u00e9 de collecte de fonds pour chandail \u00e0 personnaliser (mod\u00e8le 3)<\/p>\n","protected":false},"featured_media":2392,"template":"","meta":[],"class_list":{"0":"post-1722","1":"product","2":"type-product","3":"status-publish","4":"has-post-thumbnail","6":"product_cat-autofinancement","8":"first","9":"instock","10":"shipping-taxable","11":"product-type-simple"},"aioseo_notices":[],"_links":{"self":[{"href":"https:\/\/shalouka.com\/fr\/wp-json\/wp\/v2\/product\/1722","targetHints":{"allow":["GET"]}}],"collection":[{"href":"https:\/\/shalouka.com\/fr\/wp-json\/wp\/v2\/product"}],"about":[{"href":"https:\/\/shalouka.com\/fr\/wp-json\/wp\/v2\/types\/product"}],"wp:featuredmedia":[{"embeddable":true,"href":"https:\/\/shalouka.com\/fr\/wp-json\/wp\/v2\/media\/2392"}],"wp:attachment":[{"href":"https:\/\/shalouka.com\/fr\/wp-json\/wp\/v2\/media?parent=1722"}],"curies":[{"name":"wp","href":"https:\/\/api.w.org\/{rel}","templated":true}]}}