{"id":136,"date":"2012-10-24T23:55:59","date_gmt":"2012-10-25T04:55:59","guid":{"rendered":"http:\/\/www.shalouka.com\/shop\/primaire-6\/"},"modified":"2014-10-03T20:01:15","modified_gmt":"2014-10-04T01:01:15","slug":"primaire-6","status":"publish","type":"product","link":"https:\/\/shalouka.com\/fr\/produit\/primaire-6\/","title":{"rendered":"Primaire 6"},"content":{"rendered":"<p>Imprim\u00e9 de chandail avec signature des \u00e9l\u00e8ves finissants du primaire \u00e0 personnaliser (mod\u00e8le 6)<\/p>","protected":false},"excerpt":{"rendered":"<p>Imprim\u00e9 de chandail avec signature des \u00e9l\u00e8ves finissants du primaire \u00e0 personnaliser (mod\u00e8le 6)<\/p>\n","protected":false},"featured_media":2561,"template":"","meta":[],"class_list":{"0":"post-136","1":"product","2":"type-product","3":"status-publish","4":"has-post-thumbnail","6":"product_cat-signatures","7":"product_cat-design-decole","9":"first","10":"instock","11":"shipping-taxable","12":"product-type-simple"},"aioseo_notices":[],"_links":{"self":[{"href":"https:\/\/shalouka.com\/fr\/wp-json\/wp\/v2\/product\/136","targetHints":{"allow":["GET"]}}],"collection":[{"href":"https:\/\/shalouka.com\/fr\/wp-json\/wp\/v2\/product"}],"about":[{"href":"https:\/\/shalouka.com\/fr\/wp-json\/wp\/v2\/types\/product"}],"wp:featuredmedia":[{"embeddable":true,"href":"https:\/\/shalouka.com\/fr\/wp-json\/wp\/v2\/media\/2561"}],"wp:attachment":[{"href":"https:\/\/shalouka.com\/fr\/wp-json\/wp\/v2\/media?parent=136"}],"curies":[{"name":"wp","href":"https:\/\/api.w.org\/{rel}","templated":true}]}}