{"id":127,"date":"2012-10-24T23:55:52","date_gmt":"2012-10-25T04:55:52","guid":{"rendered":"http:\/\/www.shalouka.com\/shop\/primaire-3\/"},"modified":"2014-10-03T20:01:47","modified_gmt":"2014-10-04T01:01:47","slug":"primaire-3","status":"publish","type":"product","link":"https:\/\/shalouka.com\/fr\/produit\/primaire-3\/","title":{"rendered":"Primaire 3"},"content":{"rendered":"<p>Imprim\u00e9 de chandail avec signature des \u00e9l\u00e8ves finissants du primaire \u00e0 l&#8217;int\u00e9rieur d&#8217;une pomme avec ver de terre \u00e0 personnaliser (mod\u00e8le 3)<\/p>","protected":false},"excerpt":{"rendered":"<p>Imprim\u00e9 de chandail avec signature des \u00e9l\u00e8ves finissants du primaire \u00e0 l&#8217;int\u00e9rieur d&#8217;une pomme avec ver de terre \u00e0 personnaliser (mod\u00e8le 3)<\/p>\n","protected":false},"featured_media":2570,"template":"","meta":[],"class_list":{"0":"post-127","1":"product","2":"type-product","3":"status-publish","4":"has-post-thumbnail","6":"product_cat-signatures","7":"product_cat-design-decole","9":"first","10":"instock","11":"shipping-taxable","12":"product-type-simple"},"aioseo_notices":[],"_links":{"self":[{"href":"https:\/\/shalouka.com\/fr\/wp-json\/wp\/v2\/product\/127","targetHints":{"allow":["GET"]}}],"collection":[{"href":"https:\/\/shalouka.com\/fr\/wp-json\/wp\/v2\/product"}],"about":[{"href":"https:\/\/shalouka.com\/fr\/wp-json\/wp\/v2\/types\/product"}],"wp:featuredmedia":[{"embeddable":true,"href":"https:\/\/shalouka.com\/fr\/wp-json\/wp\/v2\/media\/2570"}],"wp:attachment":[{"href":"https:\/\/shalouka.com\/fr\/wp-json\/wp\/v2\/media?parent=127"}],"curies":[{"name":"wp","href":"https:\/\/api.w.org\/{rel}","templated":true}]}}