{"id":104,"date":"2012-10-24T05:30:28","date_gmt":"2012-10-24T10:30:28","guid":{"rendered":"http:\/\/www.shalouka.com\/?post_type=product&#038;p=104"},"modified":"2014-10-03T20:02:18","modified_gmt":"2014-10-04T01:02:18","slug":"primaire-1","status":"publish","type":"product","link":"https:\/\/shalouka.com\/fr\/produit\/primaire-1\/","title":{"rendered":"Primaire 1"},"content":{"rendered":"<p>Imprim\u00e9 de chandail avec signature des \u00e9l\u00e8ves finissants du primaire \u00e0 l&#8217;int\u00e9rieur d&#8217;une pomme sans ver de terre \u00e0 personnaliser (mod\u00e8le 1)<\/p>","protected":false},"excerpt":{"rendered":"<p>Imprim\u00e9 de chandail avec signature des \u00e9l\u00e8ves finissants du primaire \u00e0 l&#8217;int\u00e9rieur d&#8217;une pomme sans ver de terre \u00e0 personnaliser (mod\u00e8le 1)<\/p>\n","protected":false},"featured_media":2576,"template":"","meta":[],"class_list":{"0":"post-104","1":"product","2":"type-product","3":"status-publish","4":"has-post-thumbnail","6":"product_cat-signatures","7":"product_cat-design-decole","9":"first","10":"instock","11":"shipping-taxable","12":"product-type-simple"},"aioseo_notices":[],"_links":{"self":[{"href":"https:\/\/shalouka.com\/fr\/wp-json\/wp\/v2\/product\/104","targetHints":{"allow":["GET"]}}],"collection":[{"href":"https:\/\/shalouka.com\/fr\/wp-json\/wp\/v2\/product"}],"about":[{"href":"https:\/\/shalouka.com\/fr\/wp-json\/wp\/v2\/types\/product"}],"wp:featuredmedia":[{"embeddable":true,"href":"https:\/\/shalouka.com\/fr\/wp-json\/wp\/v2\/media\/2576"}],"wp:attachment":[{"href":"https:\/\/shalouka.com\/fr\/wp-json\/wp\/v2\/media?parent=104"}],"curies":[{"name":"wp","href":"https:\/\/api.w.org\/{rel}","templated":true}]}}