{"id":10,"date":"2012-09-27T04:34:37","date_gmt":"2012-09-27T04:34:37","guid":{"rendered":"http:\/\/studioteknik.ca\/shalouka\/?post_type=product&#038;p=10"},"modified":"2015-05-11T14:50:56","modified_gmt":"2015-05-11T19:50:56","slug":"t-shirt-a-manches-longues","status":"publish","type":"product","link":"https:\/\/shalouka.com\/fr\/produit\/2400-t-shirt-a-manches-longues\/","title":{"rendered":"2400 &#8211; T-Shirt \u00e0 manches longues"},"content":{"rendered":"<p>Jersey 100% coton pr\u00e9r\u00e9tr\u00e9ci, 10.1 oz. Encolure surpiqu\u00e9e \u00e0 deux aiguilles. Points de croix double aux ourlets des manches et de la taille. Bande de recouvrement aux \u00e9paules et au col. Tissu tourn\u00e9 d\u2019un quart de tour pour \u00e9liminer le pli central. (ash grey 1% polyester, sport grey 10% polyester, dark heather\/safety green\/safety orange 50% polyester)<\/p>","protected":false},"excerpt":{"rendered":"<p>Jersey 100% coton pr\u00e9r\u00e9tr\u00e9ci, 10.1 oz. Encolure surpiqu\u00e9e \u00e0 deux aiguilles. Points de croix double aux ourlets des manches et de la taille. Bande de recouvrement aux \u00e9paules et au col. Tissu tourn\u00e9 d\u2019un quart de tour pour \u00e9liminer le pli central. (ash grey 1% polyester, sport grey 10% polyester, dark heather\/safety green\/safety orange 50% [&hellip;]<\/p>\n","protected":false},"featured_media":4626,"template":"","meta":[],"class_list":{"0":"post-10","1":"product","2":"type-product","3":"status-publish","4":"has-post-thumbnail","6":"product_cat-vetements","7":"product_cat-manche-longue","8":"product_cat-gildan","9":"product_cat-homme","10":"pa_couleur-gris-cendre","11":"pa_couleur-blanc","12":"pa_couleur-bleu-pale","13":"pa_couleur-cendre-fonce","14":"pa_couleur-charbon","15":"pa_couleur-chocolat-fonce","16":"pa_couleur-vert-foret","17":"pa_couleur-indigo","18":"pa_couleur-vert-iris","19":"pa_couleur-marine","20":"pa_couleur-marron","21":"pa_couleur-mauve","22":"pa_couleur-vert-militaire","23":"pa_couleur-noir","24":"pa_couleur-or","25":"pa_couleur-orange","26":"pa_couleur-orange-securite","27":"pa_couleur-rouge","28":"pa_couleur-rouge-cardinal","29":"pa_couleur-royal","30":"pa_couleur-sable","31":"pa_couleur-saphir","32":"pa_couleur-gris-sport","33":"pa_couleur-vert-securite","34":"pa_grandeur-3xl","35":"pa_grandeur-4xl","36":"pa_grandeur-5xl","37":"pa_grandeur-l","38":"pa_grandeur-m","39":"pa_grandeur-s","40":"pa_grandeur-xl","41":"pa_grandeur-xxl","43":"first","44":"instock","45":"shipping-taxable","46":"purchasable","47":"product-type-variable"},"aioseo_notices":[],"_links":{"self":[{"href":"https:\/\/shalouka.com\/fr\/wp-json\/wp\/v2\/product\/10","targetHints":{"allow":["GET"]}}],"collection":[{"href":"https:\/\/shalouka.com\/fr\/wp-json\/wp\/v2\/product"}],"about":[{"href":"https:\/\/shalouka.com\/fr\/wp-json\/wp\/v2\/types\/product"}],"wp:featuredmedia":[{"embeddable":true,"href":"https:\/\/shalouka.com\/fr\/wp-json\/wp\/v2\/media\/4626"}],"wp:attachment":[{"href":"https:\/\/shalouka.com\/fr\/wp-json\/wp\/v2\/media?parent=10"}],"curies":[{"name":"wp","href":"https:\/\/api.w.org\/{rel}","templated":true}]}}