{"id":3229,"date":"2013-02-26T22:21:24","date_gmt":"2013-02-27T03:21:24","guid":{"rendered":"http:\/\/www.shalouka.com\/?page_id=3229"},"modified":"2013-09-20T20:13:20","modified_gmt":"2013-09-21T00:13:20","slug":"broderie","status":"publish","type":"page","link":"https:\/\/shalouka.com\/fr\/broderie\/","title":{"rendered":"Broderie"},"content":{"rendered":"<p>Vous pouvez faire ajouter un texte (par exemple votre nom) en broderie sur le devant ou sur l&#8217;\u00e9paule. Deux styles d&#8217;\u00e9criture sont disponibles (block et script) et quelques caract\u00e8res sp\u00e9ciaux.<\/p>\n<div id=\"attachment_3230\" style=\"width: 510px\" class=\"wp-caption alignnone\"><img decoding=\"async\" aria-describedby=\"caption-attachment-3230\" class=\" wp-image-3230   \" alt=\"_MG_2196\" src=\"http:\/\/shalouka.com\/wp-content\/uploads\/MG_2196.jpg\" width=\"500\" srcset=\"https:\/\/shalouka.com\/wp-content\/uploads\/MG_2196.jpg 900w, https:\/\/shalouka.com\/wp-content\/uploads\/MG_2196-510x196.jpg 510w, https:\/\/shalouka.com\/wp-content\/uploads\/MG_2196-768x295.jpg 768w, https:\/\/shalouka.com\/wp-content\/uploads\/MG_2196-800x308.jpg 800w\" sizes=\"(max-width: 900px) 100vw, 900px\" \/><p id=\"caption-attachment-3230\" class=\"wp-caption-text\">Style d&#8217;\u00e9criture &#8220;block&#8221;<\/p><\/div>\n<div id=\"attachment_3231\" style=\"width: 510px\" class=\"wp-caption alignnone\"><img decoding=\"async\" aria-describedby=\"caption-attachment-3231\" class=\" wp-image-3231 \" alt=\"_MG_2200\" src=\"http:\/\/shalouka.com\/wp-content\/uploads\/MG_2200.jpg\" width=\"500\" srcset=\"https:\/\/shalouka.com\/wp-content\/uploads\/MG_2200.jpg 900w, https:\/\/shalouka.com\/wp-content\/uploads\/MG_2200-510x195.jpg 510w, https:\/\/shalouka.com\/wp-content\/uploads\/MG_2200-768x294.jpg 768w, https:\/\/shalouka.com\/wp-content\/uploads\/MG_2200-800x306.jpg 800w\" sizes=\"(max-width: 900px) 100vw, 900px\" \/><p id=\"caption-attachment-3231\" class=\"wp-caption-text\">Style d&#8217;\u00e9criture &#8220;script&#8221;<\/p><\/div>\n<div id=\"attachment_3232\" style=\"width: 510px\" class=\"wp-caption alignnone\"><img decoding=\"async\" aria-describedby=\"caption-attachment-3232\" class=\" wp-image-3232 \" alt=\"_MG_2202\" src=\"http:\/\/shalouka.com\/wp-content\/uploads\/MG_2202.jpg\" width=\"500\" srcset=\"https:\/\/shalouka.com\/wp-content\/uploads\/MG_2202.jpg 900w, https:\/\/shalouka.com\/wp-content\/uploads\/MG_2202-510x193.jpg 510w, https:\/\/shalouka.com\/wp-content\/uploads\/MG_2202-768x291.jpg 768w, https:\/\/shalouka.com\/wp-content\/uploads\/MG_2202-800x303.jpg 800w\" sizes=\"(max-width: 900px) 100vw, 900px\" \/><p id=\"caption-attachment-3232\" class=\"wp-caption-text\">Caract\u00e8res sp\u00e9ciaux<\/p><\/div>\n<p>[button href=&#8221;http:\/\/shalouka.com\/formulaire-de-commande\/&#8221; color=&#8221;default&#8221;]Commandez maintenant[\/button]<\/p>","protected":false},"excerpt":{"rendered":"<p>Vous pouvez faire ajouter un texte (par exemple votre nom) en broderie sur le devant ou sur l&#8217;\u00e9paule. Deux styles d&#8217;\u00e9criture sont disponibles (block et script) et quelques caract\u00e8res sp\u00e9ciaux. [button href=&#8221;http:\/\/shalouka.com\/formulaire-de-commande\/&#8221; color=&#8221;default&#8221;]Commandez maintenant[\/button]<\/p>\n","protected":false},"author":1,"featured_media":0,"parent":0,"menu_order":0,"comment_status":"closed","ping_status":"open","template":"","meta":{"footnotes":""},"class_list":["post-3229","page","type-page","status-publish","hentry"],"aioseo_notices":[],"_links":{"self":[{"href":"https:\/\/shalouka.com\/fr\/wp-json\/wp\/v2\/pages\/3229","targetHints":{"allow":["GET"]}}],"collection":[{"href":"https:\/\/shalouka.com\/fr\/wp-json\/wp\/v2\/pages"}],"about":[{"href":"https:\/\/shalouka.com\/fr\/wp-json\/wp\/v2\/types\/page"}],"author":[{"embeddable":true,"href":"https:\/\/shalouka.com\/fr\/wp-json\/wp\/v2\/users\/1"}],"replies":[{"embeddable":true,"href":"https:\/\/shalouka.com\/fr\/wp-json\/wp\/v2\/comments?post=3229"}],"version-history":[{"count":0,"href":"https:\/\/shalouka.com\/fr\/wp-json\/wp\/v2\/pages\/3229\/revisions"}],"wp:attachment":[{"href":"https:\/\/shalouka.com\/fr\/wp-json\/wp\/v2\/media?parent=3229"}],"curies":[{"name":"wp","href":"https:\/\/api.w.org\/{rel}","templated":true}]}}