{"id":1813,"date":"2012-12-04T23:50:12","date_gmt":"2012-12-05T04:50:12","guid":{"rendered":"http:\/\/www.shalouka.com\/?page_id=1813"},"modified":"2012-12-04T23:50:12","modified_gmt":"2012-12-05T04:50:12","slug":"termes-et-conditions-de-vente","status":"publish","type":"page","link":"https:\/\/shalouka.com\/fr\/termes-et-conditions-de-vente\/","title":{"rendered":"Termes et conditions de vente"},"content":{"rendered":"<ul>\n<li>Les conditions de paiement pour nos clients sont net 30 jours<\/li>\n<li>Des frais de 2% par mois sont impos\u00e9s sur les comptes en retard de paiement<\/li>\n<li>Les modes de paiement accept\u00e9s sont ch\u00e8que et mandat poste<\/li>\n<li>Les prix indiqu\u00e9s n&#8217;incluent pas les frais de transport<\/li>\n<li>Les prix indiqu\u00e9s n&#8217;incluent pas les taxes applicables (TPS, TVQ)<\/li>\n<li>Tous les prix sont sujets \u00e0 modification sans pr\u00e9avis<\/li>\n<li>Les d\u00e9lais pour faire une r\u00e9clamation est de 10 jours apr\u00e8s r\u00e9ception de la marchandise<\/li>\n<\/ul>\n","protected":false},"excerpt":{"rendered":"<p>Les conditions de paiement pour nos clients sont net 30 jours Des frais de 2% par mois sont impos\u00e9s sur les comptes en retard de paiement Les modes de paiement accept\u00e9s sont ch\u00e8que et mandat poste Les prix indiqu\u00e9s n&#8217;incluent pas les frais de transport Les prix indiqu\u00e9s n&#8217;incluent pas les taxes applicables (TPS, TVQ) [&hellip;]<\/p>\n","protected":false},"author":1,"featured_media":0,"parent":0,"menu_order":0,"comment_status":"open","ping_status":"open","template":"","meta":{"footnotes":""},"class_list":["post-1813","page","type-page","status-publish","hentry"],"aioseo_notices":[],"_links":{"self":[{"href":"https:\/\/shalouka.com\/fr\/wp-json\/wp\/v2\/pages\/1813","targetHints":{"allow":["GET"]}}],"collection":[{"href":"https:\/\/shalouka.com\/fr\/wp-json\/wp\/v2\/pages"}],"about":[{"href":"https:\/\/shalouka.com\/fr\/wp-json\/wp\/v2\/types\/page"}],"author":[{"embeddable":true,"href":"https:\/\/shalouka.com\/fr\/wp-json\/wp\/v2\/users\/1"}],"replies":[{"embeddable":true,"href":"https:\/\/shalouka.com\/fr\/wp-json\/wp\/v2\/comments?post=1813"}],"version-history":[{"count":0,"href":"https:\/\/shalouka.com\/fr\/wp-json\/wp\/v2\/pages\/1813\/revisions"}],"wp:attachment":[{"href":"https:\/\/shalouka.com\/fr\/wp-json\/wp\/v2\/media?parent=1813"}],"curies":[{"name":"wp","href":"https:\/\/api.w.org\/{rel}","templated":true}]}}