{"id":1371,"date":"2012-11-16T10:15:03","date_gmt":"2012-11-16T15:15:03","guid":{"rendered":"http:\/\/www.shalouka.com\/?page_id=1371"},"modified":"2018-09-25T10:35:09","modified_gmt":"2018-09-25T15:35:09","slug":"profil-de-la-compagnie","status":"publish","type":"page","link":"https:\/\/shalouka.com\/fr\/profil-de-la-compagnie\/","title":{"rendered":"Profil de la compagnie"},"content":{"rendered":"<p><\/p>\n<h1><img loading=\"lazy\" decoding=\"async\" class=\"wp-image-4136 alignright\" style=\"border: 1px solid lightgrey;\" title=\"\u00c9quipe Shalouka\" src=\"http:\/\/shalouka.com\/wp-content\/uploads\/shalouka-04.jpg\" alt=\"shalouka-01\" width=\"320\" height=\"320\" \/>Shalouka promotions<\/h1>\n<p>Depuis pr\u00e8s de 15 ans, Shalouka promotions est LE distributeur de chandails de finissant et d&#8217;objets promotionnels pour les \u00e9coles du Qu\u00e9bec. Il est le seul \u00e0 offrir une gamme compl\u00e8te de v\u00eatements et d&#8217;accessoires personnalis\u00e9s pour marquer un \u00e9v\u00e9nement comme la fin d&#8217;un cycle ou pour habiller votre \u00e9quipe de sport.<\/p>\n<p>Shalouka promotions g\u00e8re le processus cr\u00e9atif du d\u00e9but \u00e0 la fin et offre une solution cl\u00e9 en main pour la r\u00e9alisation de vos v\u00eatements personnalis\u00e9s selon vos sp\u00e9cifications.<\/p>\n<p>Ayant des fournisseurs pour tous les types de demande, tant au niveau des v\u00eatements techniques que des t-shirts en passant par les tr\u00e8s populaires molletons \u00e0 capuchon, Shalouka vous \u00e9tonnera par sa rapidit\u00e9 de livraison, la qualit\u00e9 de ses produits et surtout par le prix imbattable de ses nombreux produits fabriqu\u00e9s au Qu\u00e9bec.<\/p>\n<p>Shalouka est un distributeur de v\u00eatements et d&#8217;objets promotionnels dans le milieu scolaire depuis pr\u00e8s de 15 ans. Shalouka est en mesure d&#8217;offrir des produits de qualit\u00e9 \u00e0 des prix tr\u00e8s comp\u00e9titifs. Notre engagement au niveau du service \u00e0 la client\u00e8le est grandement appr\u00e9ci\u00e9 par nos clients. Shalouka garanti toujours le meilleur prix. Nos graphistes vous proposent toujours des dessins originaux que vous voudrez porter fi\u00e8rement.<\/p>","protected":false},"excerpt":{"rendered":"<p>Shalouka promotions Depuis pr\u00e8s de 15 ans, Shalouka promotions est LE distributeur de chandails de finissant et d&#8217;objets promotionnels pour les \u00e9coles du Qu\u00e9bec. Il est le seul \u00e0 offrir une gamme compl\u00e8te de v\u00eatements et d&#8217;accessoires personnalis\u00e9s pour marquer un \u00e9v\u00e9nement comme la fin d&#8217;un cycle ou pour habiller votre \u00e9quipe de sport. Shalouka [&hellip;]<\/p>\n","protected":false},"author":1,"featured_media":0,"parent":0,"menu_order":0,"comment_status":"closed","ping_status":"closed","template":"","meta":{"footnotes":""},"class_list":["post-1371","page","type-page","status-publish","hentry"],"aioseo_notices":[],"_links":{"self":[{"href":"https:\/\/shalouka.com\/fr\/wp-json\/wp\/v2\/pages\/1371","targetHints":{"allow":["GET"]}}],"collection":[{"href":"https:\/\/shalouka.com\/fr\/wp-json\/wp\/v2\/pages"}],"about":[{"href":"https:\/\/shalouka.com\/fr\/wp-json\/wp\/v2\/types\/page"}],"author":[{"embeddable":true,"href":"https:\/\/shalouka.com\/fr\/wp-json\/wp\/v2\/users\/1"}],"replies":[{"embeddable":true,"href":"https:\/\/shalouka.com\/fr\/wp-json\/wp\/v2\/comments?post=1371"}],"version-history":[{"count":1,"href":"https:\/\/shalouka.com\/fr\/wp-json\/wp\/v2\/pages\/1371\/revisions"}],"predecessor-version":[{"id":5373,"href":"https:\/\/shalouka.com\/fr\/wp-json\/wp\/v2\/pages\/1371\/revisions\/5373"}],"wp:attachment":[{"href":"https:\/\/shalouka.com\/fr\/wp-json\/wp\/v2\/media?parent=1371"}],"curies":[{"name":"wp","href":"https:\/\/api.w.org\/{rel}","templated":true}]}}