{"id":8,"date":"2012-09-27T04:24:47","date_gmt":"2012-09-27T04:24:47","guid":{"rendered":"http:\/\/studioteknik.ca\/shalouka\/?post_type=product&#038;p=8"},"modified":"2015-05-11T14:17:17","modified_gmt":"2015-05-11T19:17:17","slug":"t-shirt-pour-adultes-avec-col-en-v","status":"publish","type":"product","link":"https:\/\/shalouka.com\/en\/produit\/64v00-adult-v-neck-t-shirt\/","title":{"rendered":"64V00 &#8211; T-Shirt pour adultes avec col en V"},"content":{"rendered":"<p>100% Cotton preshrunk jersey knit, 7.5 oz. Fils tr\u00e8s doux style ann\u00e9e 30. Col en tricot c\u00f4tel\u00e9 \u00be\u2019\u2019 sans double piq\u00fbre. Bande de recouvrement au col et aux \u00e9paules. Coupe europ\u00e9enne. Double piq\u00fbres aux manches et \u00e0 la base. Tissu tourn\u00e9 d\u2019un quart de tour pour \u00e9liminer le pli central. (sport grey 10% polyester, dark heather\/heather purple 65% polyester) <\/p>\n","protected":false},"excerpt":{"rendered":"<p>100% Cotton preshrunk jersey knit, 7.5 oz. Fils tr\u00e8s doux style ann\u00e9e 30. Col en tricot c\u00f4tel\u00e9 \u00be\u2019\u2019 sans double piq\u00fbre. Bande de recouvrement au col et aux \u00e9paules. Coupe europ\u00e9enne. Double piq\u00fbres aux manches et \u00e0 la base. Tissu tourn\u00e9 d\u2019un quart de tour pour \u00e9liminer le pli central. (sport grey 10% polyester, dark [&hellip;]<\/p>\n","protected":false},"featured_media":4624,"template":"","meta":[],"class_list":{"0":"post-8","1":"product","2":"type-product","3":"status-publish","4":"has-post-thumbnail","6":"product_cat-vetements","7":"product_cat-gildan","8":"product_cat-manche-courte","9":"product_cat-homme","10":"pa_couleur-blanc","11":"pa_couleur-charbon","12":"pa_couleur-gris-fonce","13":"pa_couleur-marine","14":"pa_couleur-mauve-bruyere","15":"pa_couleur-noir","16":"pa_couleur-rouge-cerise","17":"pa_couleur-royal","18":"pa_couleur-gris-sport","19":"pa_grandeur-l","20":"pa_grandeur-m","21":"pa_grandeur-s","22":"pa_grandeur-xl","23":"pa_grandeur-xxl","25":"first","26":"instock","27":"shipping-taxable","28":"purchasable","29":"product-type-variable"},"aioseo_notices":[],"_links":{"self":[{"href":"https:\/\/shalouka.com\/en\/wp-json\/wp\/v2\/product\/8","targetHints":{"allow":["GET"]}}],"collection":[{"href":"https:\/\/shalouka.com\/en\/wp-json\/wp\/v2\/product"}],"about":[{"href":"https:\/\/shalouka.com\/en\/wp-json\/wp\/v2\/types\/product"}],"wp:featuredmedia":[{"embeddable":true,"href":"https:\/\/shalouka.com\/en\/wp-json\/wp\/v2\/media\/4624"}],"wp:attachment":[{"href":"https:\/\/shalouka.com\/en\/wp-json\/wp\/v2\/media?parent=8"}],"curies":[{"name":"wp","href":"https:\/\/api.w.org\/{rel}","templated":true}]}}