{"id":35,"date":"2012-09-27T05:13:15","date_gmt":"2012-09-27T05:13:15","guid":{"rendered":"http:\/\/studioteknik.ca\/shalouka\/?post_type=product&#038;p=35"},"modified":"2015-05-13T19:36:33","modified_gmt":"2015-05-14T00:36:33","slug":"molleton-avec-capuchon-a-fermeture-eclair","status":"publish","type":"product","link":"https:\/\/shalouka.com\/en\/produit\/18600-full-zip-hooded-sweatshirt\/","title":{"rendered":"18600 &#8211; Molleton avec capuchon \u00e0 fermeture \u00e9clair"},"content":{"rendered":"<p>50% Coton \/ 50% polyester pr\u00e9r\u00e9tr\u00e9ci. Tissage \u00e0 jet d&#8217;air &#8211; plus de douceur et anti-bouloche. Capuchon non doubl\u00e9 avec cordon de m\u00eame couleur. Poches manchons. Double coutures aux poignets. 1X1 tricot c\u00f4tel\u00e9 avec spandex. Fermeture \u00e9clair recouverte afin de permettre une impression sur tout le devant. Tissu tourn\u00e9 d&#8217;un quart de tour pour \u00e9liminer le pli central.<\/p>\n","protected":false},"excerpt":{"rendered":"<p>50% Coton \/ 50% polyester pr\u00e9r\u00e9tr\u00e9ci. Tissage \u00e0 jet d&#8217;air &#8211; plus de douceur et anti-bouloche. Capuchon non doubl\u00e9 avec cordon de m\u00eame couleur. Poches manchons. Double coutures aux poignets. 1X1 tricot c\u00f4tel\u00e9 avec spandex. Fermeture \u00e9clair recouverte afin de permettre une impression sur tout le devant. Tissu tourn\u00e9 d&#8217;un quart de tour pour \u00e9liminer [&hellip;]<\/p>\n","protected":false},"featured_media":4633,"template":"","meta":[],"class_list":{"0":"post-35","1":"product","2":"type-product","3":"status-publish","4":"has-post-thumbnail","6":"product_cat-vetements","7":"product_cat-capuchon","8":"product_cat-manche-longue","9":"product_cat-molleton","10":"product_cat-gildan","11":"product_cat-homme","12":"pa_couleur-blanc","13":"pa_couleur-bleu-carolina","14":"pa_couleur-chocolat-fonce","15":"pa_couleur-vert-foret","16":"pa_couleur-gris-fonce","17":"pa_couleur-vert-iris","18":"pa_couleur-marine","19":"pa_couleur-marron","20":"pa_couleur-mauve","21":"pa_couleur-noir","22":"pa_couleur-orange-securite","23":"pa_couleur-rouge","24":"pa_couleur-royal","25":"pa_couleur-gris-sport","26":"pa_couleur-vert-securite","27":"pa_grandeur-3xl","28":"pa_grandeur-4xl","29":"pa_grandeur-5xl","30":"pa_grandeur-l","31":"pa_grandeur-m","32":"pa_grandeur-s","33":"pa_grandeur-xl","34":"pa_grandeur-xxl","36":"first","37":"instock","38":"shipping-taxable","39":"purchasable","40":"product-type-variable"},"aioseo_notices":[],"_links":{"self":[{"href":"https:\/\/shalouka.com\/en\/wp-json\/wp\/v2\/product\/35","targetHints":{"allow":["GET"]}}],"collection":[{"href":"https:\/\/shalouka.com\/en\/wp-json\/wp\/v2\/product"}],"about":[{"href":"https:\/\/shalouka.com\/en\/wp-json\/wp\/v2\/types\/product"}],"wp:featuredmedia":[{"embeddable":true,"href":"https:\/\/shalouka.com\/en\/wp-json\/wp\/v2\/media\/4633"}],"wp:attachment":[{"href":"https:\/\/shalouka.com\/en\/wp-json\/wp\/v2\/media?parent=35"}],"curies":[{"name":"wp","href":"https:\/\/api.w.org\/{rel}","templated":true}]}}