{"id":233,"date":"2012-10-25T15:57:19","date_gmt":"2012-10-25T15:57:19","guid":{"rendered":"http:\/\/www.shalouka.com\/?page_id=233"},"modified":"2020-04-19T09:46:35","modified_gmt":"2020-04-19T14:46:35","slug":"contact","status":"publish","type":"page","link":"https:\/\/shalouka.com\/en\/contact\/","title":{"rendered":"Contact"},"content":{"rendered":"<p><strong>Christian Robert<\/strong>, pr\u00e9sident<br \/>\n<a href=\"mailto: shalouka@gmail.com\"> info@shalouka.com<\/a><br \/>\nT\u00e9l\u00e9phone : <strong>514-963-6137<\/strong><br \/>\nFax : 450-622-1000<br \/>\nFax Sans-frais: 1-866-622-6360<\/p>","protected":false},"excerpt":{"rendered":"<p>Christian Robert, pr\u00e9sident info@shalouka.com T\u00e9l\u00e9phone : 514-963-6137 Fax : 450-622-1000 Fax Sans-frais: 1-866-622-6360<\/p>\n","protected":false},"author":1,"featured_media":0,"parent":0,"menu_order":0,"comment_status":"closed","ping_status":"closed","template":"","meta":{"footnotes":""},"class_list":["post-233","page","type-page","status-publish","hentry"],"aioseo_notices":[],"_links":{"self":[{"href":"https:\/\/shalouka.com\/en\/wp-json\/wp\/v2\/pages\/233","targetHints":{"allow":["GET"]}}],"collection":[{"href":"https:\/\/shalouka.com\/en\/wp-json\/wp\/v2\/pages"}],"about":[{"href":"https:\/\/shalouka.com\/en\/wp-json\/wp\/v2\/types\/page"}],"author":[{"embeddable":true,"href":"https:\/\/shalouka.com\/en\/wp-json\/wp\/v2\/users\/1"}],"replies":[{"embeddable":true,"href":"https:\/\/shalouka.com\/en\/wp-json\/wp\/v2\/comments?post=233"}],"version-history":[{"count":1,"href":"https:\/\/shalouka.com\/en\/wp-json\/wp\/v2\/pages\/233\/revisions"}],"predecessor-version":[{"id":11271,"href":"https:\/\/shalouka.com\/en\/wp-json\/wp\/v2\/pages\/233\/revisions\/11271"}],"wp:attachment":[{"href":"https:\/\/shalouka.com\/en\/wp-json\/wp\/v2\/media?parent=233"}],"curies":[{"name":"wp","href":"https:\/\/api.w.org\/{rel}","templated":true}]}}