{"id":1371,"date":"2012-11-16T10:15:03","date_gmt":"2012-11-16T15:15:03","guid":{"rendered":"http:\/\/www.shalouka.com\/?page_id=1371"},"modified":"2018-09-25T10:35:09","modified_gmt":"2018-09-25T15:35:09","slug":"profil-de-la-compagnie","status":"publish","type":"page","link":"https:\/\/shalouka.com\/en\/profil-de-la-compagnie\/","title":{"rendered":"Profil de la compagnie"},"content":{"rendered":"<p>Shalouka est un distributeur de v\u00eatements et d&#8217;objets promotionnels dans le milieu scolaire depuis pr\u00e8s de 15 ans. Shalouka est en mesure d&#8217;offrir des produits de qualit\u00e9 \u00e0 des prix tr\u00e8s comp\u00e9titifs. Notre engagement au niveau du service \u00e0 la client\u00e8le est grandement appr\u00e9ci\u00e9 par nos clients. Shalouka garanti toujours le meilleur prix. Nos graphistes vous proposent toujours des dessins originaux que vous voudrez porter fi\u00e8rement.<\/p>","protected":false},"excerpt":{"rendered":"<p>Shalouka est un distributeur de v\u00eatements et d&#8217;objets promotionnels dans le milieu scolaire depuis pr\u00e8s de 15 ans. Shalouka est en mesure d&#8217;offrir des produits de qualit\u00e9 \u00e0 des prix tr\u00e8s comp\u00e9titifs. Notre engagement au niveau du service \u00e0 la client\u00e8le est grandement appr\u00e9ci\u00e9 par nos clients. Shalouka garanti toujours le meilleur prix. Nos graphistes [&hellip;]<\/p>\n","protected":false},"author":1,"featured_media":0,"parent":0,"menu_order":0,"comment_status":"closed","ping_status":"closed","template":"","meta":{"footnotes":""},"class_list":["post-1371","page","type-page","status-publish","hentry"],"aioseo_notices":[],"_links":{"self":[{"href":"https:\/\/shalouka.com\/en\/wp-json\/wp\/v2\/pages\/1371","targetHints":{"allow":["GET"]}}],"collection":[{"href":"https:\/\/shalouka.com\/en\/wp-json\/wp\/v2\/pages"}],"about":[{"href":"https:\/\/shalouka.com\/en\/wp-json\/wp\/v2\/types\/page"}],"author":[{"embeddable":true,"href":"https:\/\/shalouka.com\/en\/wp-json\/wp\/v2\/users\/1"}],"replies":[{"embeddable":true,"href":"https:\/\/shalouka.com\/en\/wp-json\/wp\/v2\/comments?post=1371"}],"version-history":[{"count":1,"href":"https:\/\/shalouka.com\/en\/wp-json\/wp\/v2\/pages\/1371\/revisions"}],"predecessor-version":[{"id":5373,"href":"https:\/\/shalouka.com\/en\/wp-json\/wp\/v2\/pages\/1371\/revisions\/5373"}],"wp:attachment":[{"href":"https:\/\/shalouka.com\/en\/wp-json\/wp\/v2\/media?parent=1371"}],"curies":[{"name":"wp","href":"https:\/\/api.w.org\/{rel}","templated":true}]}}